{"id":23681,"date":"2023-10-18T10:42:49","date_gmt":"2023-10-18T10:42:49","guid":{"rendered":"https:\/\/moirai.si\/?post_type=product&#038;p=23681"},"modified":"2025-01-13T14:29:13","modified_gmt":"2025-01-13T14:29:13","slug":"clasic-obsidijan-zlati-3","status":"publish","type":"product","link":"https:\/\/moirai.si\/de\/izdelek\/clasic-obsidijan-zlati-3\/","title":{"rendered":"Klassischer Obsidian Golden"},"content":{"rendered":"<p>Elegantna zapestnica kolekcije Clasic, ki je narejena iz zlatega Obsidijana. Zapestnica je nizana na mehko, vendar mo\u010dno jekleno \u017eico in zaklju\u010dena z rodiniranimi srebrnimi elementi. <\/p>\n<p>Weitere Informationen: <a href=\"https:\/\/moirai.si\/de\/obsidian\/\" target=\"_blank\" rel=\"noopener noreferrer\">Obsidian<\/a><\/p>\n<p>MATERIAL: zlati Obsidijan, rodinirano Srebro 925<br \/>\nL\u00c4NGE: einstellbar 17,5-20 cm<br \/>\nGEWICHT: 9,1 g<br \/>\nSTEINGR\u00d6SSE: 6 mm<br \/>\nSchlie\u00dfe: 9 mm<\/p>","protected":false},"excerpt":{"rendered":"<p>Elegantna zapestnica kolekcije Clasic, ki je narejena iz zlatega Obsidijana. Zapestnica je nizana na mehko, vendar mo\u010dno jekleno \u017eico in zaklju\u010dena z rodiniranimi srebrnimi elementi. Ve\u010d informacij: Obsidijan MATERIAL: zlati Obsidijan, rodinirano Srebro 925 DOL\u017dINA: prilagodljiva 17.5-20 cm TE\u017dA: 9.1 g VELIKOST KAMNOV: 6 mm ZAPONKA: 9 mm<\/p>","protected":false},"featured_media":23682,"template":"","meta":[],"product_brand":[],"product_cat":[208,820,63,821,822,823,1137],"product_tag":[637,841],"class_list":{"0":"post-23681","1":"product","2":"type-product","3":"status-publish","4":"has-post-thumbnail","6":"product_cat-clasic","7":"product_cat-do-18cm","8":"product_cat-obsidijan","9":"product_cat-od-18-do-19cm","10":"product_cat-od-19-do-20cm","11":"product_cat-od-20cm","12":"product_cat-ogled-vseh-zapestnice-2","13":"product_tag-rodinirano-srebro-925","14":"product_tag-zlati-obsidijan","16":"first","17":"instock","18":"shipping-taxable","19":"purchasable","20":"product-type-simple"},"_links":{"self":[{"href":"https:\/\/moirai.si\/de\/wp-json\/wp\/v2\/product\/23681","targetHints":{"allow":["GET"]}}],"collection":[{"href":"https:\/\/moirai.si\/de\/wp-json\/wp\/v2\/product"}],"about":[{"href":"https:\/\/moirai.si\/de\/wp-json\/wp\/v2\/types\/product"}],"wp:featuredmedia":[{"embeddable":true,"href":"https:\/\/moirai.si\/de\/wp-json\/wp\/v2\/media\/23682"}],"wp:attachment":[{"href":"https:\/\/moirai.si\/de\/wp-json\/wp\/v2\/media?parent=23681"}],"wp:term":[{"taxonomy":"product_brand","embeddable":true,"href":"https:\/\/moirai.si\/de\/wp-json\/wp\/v2\/product_brand?post=23681"},{"taxonomy":"product_cat","embeddable":true,"href":"https:\/\/moirai.si\/de\/wp-json\/wp\/v2\/product_cat?post=23681"},{"taxonomy":"product_tag","embeddable":true,"href":"https:\/\/moirai.si\/de\/wp-json\/wp\/v2\/product_tag?post=23681"}],"curies":[{"name":"wp","href":"https:\/\/api.w.org\/{rel}","templated":true}]}}