{"id":23727,"date":"2023-10-19T12:31:05","date_gmt":"2023-10-19T12:31:05","guid":{"rendered":"https:\/\/moirai.si\/?post_type=product&#038;p=23727"},"modified":"2025-01-12T19:45:55","modified_gmt":"2025-01-12T19:45:55","slug":"klassischer-mix-2","status":"publish","type":"product","link":"https:\/\/moirai.si\/de\/izdelek\/clasic-mix-2\/","title":{"rendered":"Klassischer Mix"},"content":{"rendered":"<p>Eine elegante Halskette aus der Clasic-Kollektion, gefertigt aus H\u00e4matit, Blitzstein, Onyx und rhodiniertem Sterlingsilber, aufgereiht auf einem weichen, aber starken Stahldraht.<\/p>\n<p>MATERIAL: H\u00e4matit, Steinblitz, facettierter Steinblitz, Onyx, Sterling Silber 925<br \/>\nL\u00c4NGE: 46 cm<br \/>\nGEWICHT: 45 g<br \/>\nSteingr\u00f6\u00dfe: 6-8 mm<br \/>\nSchlie\u00dfe: 9 mm<\/p>","protected":false},"excerpt":{"rendered":"<p>Elegantna ogrlica kolekcije Clasic, ki je narejena iz Hematita, Kamene Strele, Oniksa in rodiniranega srebra, nizana na mehko, vendar mo\u010dno jekleno \u017eico. MATERIAL: Hematit, Kamena Strela, fasetirana Kamena Strela, Oniks, rodinirano srebro 925 DOL\u017dINA: 46 cm TE\u017dA: 45 g VELIKOST KAMNOV: 6-8 mm ZAPONKA: 9 mm<\/p>","protected":false},"featured_media":23728,"template":"","meta":[],"product_brand":[],"product_cat":[208,42,68,816,1136,62],"product_tag":[295,202,203,206,637],"class_list":{"0":"post-23727","1":"product","2":"type-product","3":"status-publish","4":"has-post-thumbnail","6":"product_cat-clasic","7":"product_cat-hematit","8":"product_cat-kamena-strela","9":"product_cat-od-45-do-50cm","10":"product_cat-ogled-vseh","11":"product_cat-oniks","12":"product_tag-fasetirana-kamena-strela","13":"product_tag-hematit","14":"product_tag-kamena-strela","15":"product_tag-oniks","16":"product_tag-rodinirano-srebro-925","18":"first","19":"instock","20":"shipping-taxable","21":"purchasable","22":"product-type-simple"},"_links":{"self":[{"href":"https:\/\/moirai.si\/de\/wp-json\/wp\/v2\/product\/23727","targetHints":{"allow":["GET"]}}],"collection":[{"href":"https:\/\/moirai.si\/de\/wp-json\/wp\/v2\/product"}],"about":[{"href":"https:\/\/moirai.si\/de\/wp-json\/wp\/v2\/types\/product"}],"wp:featuredmedia":[{"embeddable":true,"href":"https:\/\/moirai.si\/de\/wp-json\/wp\/v2\/media\/23728"}],"wp:attachment":[{"href":"https:\/\/moirai.si\/de\/wp-json\/wp\/v2\/media?parent=23727"}],"wp:term":[{"taxonomy":"product_brand","embeddable":true,"href":"https:\/\/moirai.si\/de\/wp-json\/wp\/v2\/product_brand?post=23727"},{"taxonomy":"product_cat","embeddable":true,"href":"https:\/\/moirai.si\/de\/wp-json\/wp\/v2\/product_cat?post=23727"},{"taxonomy":"product_tag","embeddable":true,"href":"https:\/\/moirai.si\/de\/wp-json\/wp\/v2\/product_tag?post=23727"}],"curies":[{"name":"wp","href":"https:\/\/api.w.org\/{rel}","templated":true}]}}