{"id":23763,"date":"2023-10-20T09:46:40","date_gmt":"2023-10-20T09:46:40","guid":{"rendered":"https:\/\/moirai.si\/?post_type=product&#038;p=23763"},"modified":"2025-01-12T19:44:45","modified_gmt":"2025-01-12T19:44:45","slug":"clasic-mix-71","status":"publish","type":"product","link":"https:\/\/moirai.si\/de\/izdelek\/clasic-mix-71\/","title":{"rendered":"Klassischer Mix"},"content":{"rendered":"<p>Elegantna ogrlica kolekcije Clasic, ki je narejena iz Tigrovega O\u010desa, Oniksa in rodiniranega srebra, nizana na mehko, vendar mo\u010dno jekleno \u017eico.<\/p>\n<p>MATERIAL: fasetirtano Tigrovo Oko, fasetiran Oniks, rodinirano srebro 925<br \/>\nL\u00c4NGE: 46 cm<br \/>\nTE\u017dA:\t 20.5 g<br \/>\nSTEINGR\u00d6SSE: 6 mm<br \/>\nSchlie\u00dfe: 9 mm<\/p>","protected":false},"excerpt":{"rendered":"<p>Elegantna ogrlica kolekcije Clasic, ki je narejena iz Tigrovega O\u010desa, Oniksa in rodiniranega srebra, nizana na mehko, vendar mo\u010dno jekleno \u017eico. MATERIAL: fasetirtano Tigrovo Oko, fasetiran Oniks, rodinirano srebro 925 DOL\u017dINA: 46 cm TE\u017dA: 20.5 g VELIKOST KAMNOV: 6 mm ZAPONKA: 9 mm<\/p>","protected":false},"featured_media":23764,"template":"","meta":[],"product_brand":[],"product_cat":[208,816,1136,62,81],"product_tag":[293,1090,637],"class_list":{"0":"post-23763","1":"product","2":"type-product","3":"status-publish","4":"has-post-thumbnail","6":"product_cat-clasic","7":"product_cat-od-45-do-50cm","8":"product_cat-ogled-vseh","9":"product_cat-oniks","10":"product_cat-tigrovo-oko","11":"product_tag-fasetiran-oniks","12":"product_tag-fasetirtano-tigrovo-oko","13":"product_tag-rodinirano-srebro-925","15":"first","16":"instock","17":"shipping-taxable","18":"purchasable","19":"product-type-simple"},"_links":{"self":[{"href":"https:\/\/moirai.si\/de\/wp-json\/wp\/v2\/product\/23763","targetHints":{"allow":["GET"]}}],"collection":[{"href":"https:\/\/moirai.si\/de\/wp-json\/wp\/v2\/product"}],"about":[{"href":"https:\/\/moirai.si\/de\/wp-json\/wp\/v2\/types\/product"}],"wp:featuredmedia":[{"embeddable":true,"href":"https:\/\/moirai.si\/de\/wp-json\/wp\/v2\/media\/23764"}],"wp:attachment":[{"href":"https:\/\/moirai.si\/de\/wp-json\/wp\/v2\/media?parent=23763"}],"wp:term":[{"taxonomy":"product_brand","embeddable":true,"href":"https:\/\/moirai.si\/de\/wp-json\/wp\/v2\/product_brand?post=23763"},{"taxonomy":"product_cat","embeddable":true,"href":"https:\/\/moirai.si\/de\/wp-json\/wp\/v2\/product_cat?post=23763"},{"taxonomy":"product_tag","embeddable":true,"href":"https:\/\/moirai.si\/de\/wp-json\/wp\/v2\/product_tag?post=23763"}],"curies":[{"name":"wp","href":"https:\/\/api.w.org\/{rel}","templated":true}]}}