{"id":23775,"date":"2023-10-20T11:35:48","date_gmt":"2023-10-20T11:35:48","guid":{"rendered":"https:\/\/moirai.si\/?post_type=product&#038;p=23775"},"modified":"2025-01-12T19:45:46","modified_gmt":"2025-01-12T19:45:46","slug":"ella-onyx-6","status":"publish","type":"product","link":"https:\/\/moirai.si\/de\/izdelek\/ella-oniks-6\/","title":{"rendered":"Ella Onyx"},"content":{"rendered":"<p>Ein einzigartiges Collier aus der Ella-Kollektion, hergestellt aus Onyx. Die Kette ist auf einem weichen, aber starken Stahldraht aufgef\u00e4delt und mit 925er Silberelementen versehen. <\/p>\n<p>MATERIAL: facettierter Onyx, Sterling Silber 925<br \/>\nL\u00c4NGE: einstellbar 45,5-48 cm<br \/>\nGEWICHT: 42,2 g<br \/>\nSteingr\u00f6\u00dfe: 6-20 mm<br \/>\nSchlie\u00dfe: 9 mm<\/p>","protected":false},"excerpt":{"rendered":"<p>Unikatna ogrlica kolekcije Ella, ki je narejena iz Oniksa. Ogrlica je nizana na mehko, vendar mo\u010dno jekleno \u017eico ter zaklju\u010dena s srebrnimi 925 elementi. MATERIAL: fasetiran Oniks, srebro 925 DOL\u017dINA: prilagodljiva 45,5-48 cm TE\u017dA: 42,2 g VELIKOST KAMNOV: 6-20 mm ZAPONKA: 9 mm<\/p>","protected":false},"featured_media":23779,"template":"","meta":[],"product_brand":[],"product_cat":[289,816,1136,62],"product_tag":[293,371],"class_list":{"0":"post-23775","1":"product","2":"type-product","3":"status-publish","4":"has-post-thumbnail","6":"product_cat-ella","7":"product_cat-od-45-do-50cm","8":"product_cat-ogled-vseh","9":"product_cat-oniks","10":"product_tag-fasetiran-oniks","11":"product_tag-srebro-925","13":"first","14":"instock","15":"shipping-taxable","16":"purchasable","17":"product-type-simple"},"_links":{"self":[{"href":"https:\/\/moirai.si\/de\/wp-json\/wp\/v2\/product\/23775","targetHints":{"allow":["GET"]}}],"collection":[{"href":"https:\/\/moirai.si\/de\/wp-json\/wp\/v2\/product"}],"about":[{"href":"https:\/\/moirai.si\/de\/wp-json\/wp\/v2\/types\/product"}],"wp:featuredmedia":[{"embeddable":true,"href":"https:\/\/moirai.si\/de\/wp-json\/wp\/v2\/media\/23779"}],"wp:attachment":[{"href":"https:\/\/moirai.si\/de\/wp-json\/wp\/v2\/media?parent=23775"}],"wp:term":[{"taxonomy":"product_brand","embeddable":true,"href":"https:\/\/moirai.si\/de\/wp-json\/wp\/v2\/product_brand?post=23775"},{"taxonomy":"product_cat","embeddable":true,"href":"https:\/\/moirai.si\/de\/wp-json\/wp\/v2\/product_cat?post=23775"},{"taxonomy":"product_tag","embeddable":true,"href":"https:\/\/moirai.si\/de\/wp-json\/wp\/v2\/product_tag?post=23775"}],"curies":[{"name":"wp","href":"https:\/\/api.w.org\/{rel}","templated":true}]}}