{"id":23795,"date":"2023-10-20T14:54:03","date_gmt":"2023-10-20T14:54:03","guid":{"rendered":"https:\/\/moirai.si\/?post_type=product&#038;p=23795"},"modified":"2025-01-12T19:48:58","modified_gmt":"2025-01-12T19:48:58","slug":"le-petit-mix-20","status":"publish","type":"product","link":"https:\/\/moirai.si\/de\/izdelek\/le-petit-mix-20\/","title":{"rendered":"Le Petit Mix"},"content":{"rendered":"<p>Elegante Halskette aus der Kollektion Le Petit, gefertigt aus Iolith und Onyx. Die Kette ist auf einem weichen, aber starken Stahldraht aufgef\u00e4delt und mit Elementen aus 925er Sterlingsilber versehen.<\/p>\n<p>MATERIAL: Iolith, Onyx, Sterling Silber 925<br \/>\nL\u00c4NGE: 44 cm<br \/>\nGEWICHT: 13,5 g<br \/>\nSTEINGR\u00d6SSE: 4-7 mm<br \/>\nSchlie\u00dfe: 9 mm<\/p>","protected":false},"excerpt":{"rendered":"<p>Elegantna ogrlica kolekcije Le Petit, ki je narejena iz Iolita in Oniksa. Ogrlica je nizana na mehko, vendar mo\u010dno jekleno \u017eico ter zaklju\u010dena z rodiniranimi srebrnimi 925 elementi. MATERIAL: Iolit, Oniks, rodinirano srebro 925 DOL\u017dINA: 44 cm TE\u017dA: 13.5 g VELIKOST KAMNOV: 4-7 mm ZAPONKA: 9 mm<\/p>","protected":false},"featured_media":23796,"template":"","meta":[],"product_brand":[],"product_cat":[211,815,1136,62],"product_tag":[1014,206,637],"class_list":{"0":"post-23795","1":"product","2":"type-product","3":"status-publish","4":"has-post-thumbnail","6":"product_cat-le-petit","7":"product_cat-od-42-do-45cm","8":"product_cat-ogled-vseh","9":"product_cat-oniks","10":"product_tag-iolit","11":"product_tag-oniks","12":"product_tag-rodinirano-srebro-925","14":"first","15":"instock","16":"shipping-taxable","17":"purchasable","18":"product-type-simple"},"_links":{"self":[{"href":"https:\/\/moirai.si\/de\/wp-json\/wp\/v2\/product\/23795","targetHints":{"allow":["GET"]}}],"collection":[{"href":"https:\/\/moirai.si\/de\/wp-json\/wp\/v2\/product"}],"about":[{"href":"https:\/\/moirai.si\/de\/wp-json\/wp\/v2\/types\/product"}],"wp:featuredmedia":[{"embeddable":true,"href":"https:\/\/moirai.si\/de\/wp-json\/wp\/v2\/media\/23796"}],"wp:attachment":[{"href":"https:\/\/moirai.si\/de\/wp-json\/wp\/v2\/media?parent=23795"}],"wp:term":[{"taxonomy":"product_brand","embeddable":true,"href":"https:\/\/moirai.si\/de\/wp-json\/wp\/v2\/product_brand?post=23795"},{"taxonomy":"product_cat","embeddable":true,"href":"https:\/\/moirai.si\/de\/wp-json\/wp\/v2\/product_cat?post=23795"},{"taxonomy":"product_tag","embeddable":true,"href":"https:\/\/moirai.si\/de\/wp-json\/wp\/v2\/product_tag?post=23795"}],"curies":[{"name":"wp","href":"https:\/\/api.w.org\/{rel}","templated":true}]}}