{"id":23852,"date":"2023-10-24T11:09:37","date_gmt":"2023-10-24T11:09:37","guid":{"rendered":"https:\/\/moirai.si\/?post_type=product&#038;p=23852"},"modified":"2023-10-24T12:35:48","modified_gmt":"2023-10-24T12:35:48","slug":"versy-hrizokol-5","status":"publish","type":"product","link":"https:\/\/moirai.si\/de\/izdelek\/versy-hrizokol-5\/","title":{"rendered":"Versy Chrysokoll"},"content":{"rendered":"<p>Einzigartiger Anh\u00e4nger aus der Versy-Kollektion von Hrizokol an einem schwarzen Lederband mit verstellbarer L\u00e4nge (den Knoten nach oben oder unten ziehen). Die Kette ist unisex und f\u00fcr Kinder und Erwachsene geeignet. <\/p>\n<p>MATERIAL: Chrysokoll, schwarzes Leder<br \/>\nL\u00c4NGE: flexibel (38-77 cm)<br \/>\nGEWICHT: 25,6 g<br \/>\nGr\u00f6\u00dfe des Steins: 2,3-3,4 cm<br \/>\nSTEINST\u00c4RKE: 1,6 cm <\/p>","protected":false},"excerpt":{"rendered":"<p>Unikaten obesek kolekcije Versy iz Hrizokola na \u010drnem usnjenem traku s prilagodljivo dol\u017eino (poteg vozla gor oz. dol). Ogrlica je unisex in je primerna za otroke in odrasle. MATERIAL: Hrizokol, \u010drno usnje DOL\u017dINA: prilagodljiva (38-77 cm) TE\u017dA: 25,6 g VELIKOST KAMNA: 2,3-3,4 cm DEBELINA KAMNA: 1.6 cm<\/p>","protected":false},"featured_media":23885,"template":"","meta":[],"product_brand":[],"product_cat":[780,92,309],"product_tag":[648,777],"class_list":{"0":"post-23852","1":"product","2":"type-product","3":"status-publish","4":"has-post-thumbnail","6":"product_cat-hrizokol","7":"product_cat-obeski-in-usnje","8":"product_cat-versy","9":"product_tag-crno-usnje","10":"product_tag-hrizokol","12":"first","13":"instock","14":"shipping-taxable","15":"purchasable","16":"product-type-simple"},"_links":{"self":[{"href":"https:\/\/moirai.si\/de\/wp-json\/wp\/v2\/product\/23852","targetHints":{"allow":["GET"]}}],"collection":[{"href":"https:\/\/moirai.si\/de\/wp-json\/wp\/v2\/product"}],"about":[{"href":"https:\/\/moirai.si\/de\/wp-json\/wp\/v2\/types\/product"}],"wp:featuredmedia":[{"embeddable":true,"href":"https:\/\/moirai.si\/de\/wp-json\/wp\/v2\/media\/23885"}],"wp:attachment":[{"href":"https:\/\/moirai.si\/de\/wp-json\/wp\/v2\/media?parent=23852"}],"wp:term":[{"taxonomy":"product_brand","embeddable":true,"href":"https:\/\/moirai.si\/de\/wp-json\/wp\/v2\/product_brand?post=23852"},{"taxonomy":"product_cat","embeddable":true,"href":"https:\/\/moirai.si\/de\/wp-json\/wp\/v2\/product_cat?post=23852"},{"taxonomy":"product_tag","embeddable":true,"href":"https:\/\/moirai.si\/de\/wp-json\/wp\/v2\/product_tag?post=23852"}],"curies":[{"name":"wp","href":"https:\/\/api.w.org\/{rel}","templated":true}]}}