{"id":24200,"date":"2023-11-30T16:48:02","date_gmt":"2023-11-30T16:48:02","guid":{"rendered":"https:\/\/moirai.si\/?post_type=product&#038;p=24200"},"modified":"2025-03-11T10:40:07","modified_gmt":"2025-03-11T10:40:07","slug":"classic-tigers-eye-11","status":"publish","type":"product","link":"https:\/\/moirai.si\/de\/izdelek\/clasic-tigrovo-oko-11\/","title":{"rendered":"Klassisches Tigerauge"},"content":{"rendered":"<p>Eine elegante Halskette aus der Clasic-Kollektion, gefertigt aus Tigerauge und rhodiniertem Sterlingsilber, aufgereiht auf einem weichen, aber starken Stahldraht.<\/p>\n<p>MATERIAL: Tigrovo Oko, fasetirano Tigrovo Oko, rodinirano srebro 925<br \/>\nL\u00c4NGE: 50 cm<br \/>\nTE\u017dA:\t 51.1 g<br \/>\nSteingr\u00f6\u00dfe: 6-20 mm<br \/>\nSchlie\u00dfe: 9 mm<\/p>","protected":false},"excerpt":{"rendered":"<p>Elegantna ogrlica kolekcije Clasic, ki je narejena iz Tigrovega O\u010desa in rodiniranega srebra, nizana na mehko, vendar mo\u010dno jekleno \u017eico. MATERIAL: Tigrovo Oko, fasetirano Tigrovo Oko, rodinirano srebro 925 DOL\u017dINA: 50 cm TE\u017dA: 51.1 g VELIKOST KAMNOV: 6-20 mm ZAPONKA: 9 mm<\/p>","protected":false},"featured_media":24201,"template":"","meta":[],"product_brand":[],"product_cat":[208,816,817,1136,81],"product_tag":[337,637,199],"class_list":{"0":"post-24200","1":"product","2":"type-product","3":"status-publish","4":"has-post-thumbnail","6":"product_cat-clasic","7":"product_cat-od-45-do-50cm","8":"product_cat-od-50-do-60cm","9":"product_cat-ogled-vseh","10":"product_cat-tigrovo-oko","11":"product_tag-fasetirano-tigrovo-oko","12":"product_tag-rodinirano-srebro-925","13":"product_tag-tigrovo-oko","15":"first","16":"outofstock","17":"shipping-taxable","18":"purchasable","19":"product-type-simple"},"_links":{"self":[{"href":"https:\/\/moirai.si\/de\/wp-json\/wp\/v2\/product\/24200","targetHints":{"allow":["GET"]}}],"collection":[{"href":"https:\/\/moirai.si\/de\/wp-json\/wp\/v2\/product"}],"about":[{"href":"https:\/\/moirai.si\/de\/wp-json\/wp\/v2\/types\/product"}],"wp:featuredmedia":[{"embeddable":true,"href":"https:\/\/moirai.si\/de\/wp-json\/wp\/v2\/media\/24201"}],"wp:attachment":[{"href":"https:\/\/moirai.si\/de\/wp-json\/wp\/v2\/media?parent=24200"}],"wp:term":[{"taxonomy":"product_brand","embeddable":true,"href":"https:\/\/moirai.si\/de\/wp-json\/wp\/v2\/product_brand?post=24200"},{"taxonomy":"product_cat","embeddable":true,"href":"https:\/\/moirai.si\/de\/wp-json\/wp\/v2\/product_cat?post=24200"},{"taxonomy":"product_tag","embeddable":true,"href":"https:\/\/moirai.si\/de\/wp-json\/wp\/v2\/product_tag?post=24200"}],"curies":[{"name":"wp","href":"https:\/\/api.w.org\/{rel}","templated":true}]}}