{"id":24231,"date":"2023-12-01T10:48:54","date_gmt":"2023-12-01T10:48:54","guid":{"rendered":"https:\/\/moirai.si\/?post_type=product&#038;p=24231"},"modified":"2025-11-24T11:33:36","modified_gmt":"2025-11-24T11:33:36","slug":"obesek-turmalin-crni","status":"publish","type":"product","link":"https:\/\/moirai.si\/de\/izdelek\/obesek-turmalin-crni\/","title":{"rendered":"Anh\u00e4nger Turmalin Schwarz"},"content":{"rendered":"<p>\u010cudovit obesek iz srebra 925 in \u010drnega Turmalina. Veri\u017eica ni vklju\u010dena v ceno. Novo veri\u017eico si lahko izberete tukaj: <a href=\"https:\/\/moirai.si\/de\/produktkategorie-2\/anhanger-und-ketten\/ketten-und-schnure\/\" target=\"_blank\" rel=\"noopener noreferrer\">Ketten<\/a><\/p>\n<p>MATERIAL: schwarzer Turmalin, 925er Silber<br \/>\nGEWICHT: 11,6 g<br \/>\nANH\u00c4NGERGR\u00d6SSE: 1,8-3 cm<br \/>\nSTEINST\u00c4RKE: 1,3 cm<\/p>","protected":false},"excerpt":{"rendered":"<p>\u010cudovit obesek iz srebra 925 in \u010drnega Turmalina. Veri\u017eica ni vklju\u010dena v ceno. Novo veri\u017eico si lahko izberete tukaj: Veri\u017eice MATERIAL: \u010drni Turmalin, Srebro 925 TE\u017dA: 11.6 g VELIKOST OBESKA: 1,8-3 cm DEBELINA KAMNA: 1,3 cm<\/p>","protected":false},"featured_media":24232,"template":"","meta":[],"product_brand":[],"product_cat":[910,85],"product_tag":[766,371],"class_list":{"0":"post-24231","1":"product","2":"type-product","3":"status-publish","4":"has-post-thumbnail","6":"product_cat-obeski-in-srebro","7":"product_cat-turmalin","8":"product_tag-crni-turmalin","9":"product_tag-srebro-925","11":"first","12":"instock","13":"shipping-taxable","14":"purchasable","15":"product-type-simple"},"_links":{"self":[{"href":"https:\/\/moirai.si\/de\/wp-json\/wp\/v2\/product\/24231","targetHints":{"allow":["GET"]}}],"collection":[{"href":"https:\/\/moirai.si\/de\/wp-json\/wp\/v2\/product"}],"about":[{"href":"https:\/\/moirai.si\/de\/wp-json\/wp\/v2\/types\/product"}],"wp:featuredmedia":[{"embeddable":true,"href":"https:\/\/moirai.si\/de\/wp-json\/wp\/v2\/media\/24232"}],"wp:attachment":[{"href":"https:\/\/moirai.si\/de\/wp-json\/wp\/v2\/media?parent=24231"}],"wp:term":[{"taxonomy":"product_brand","embeddable":true,"href":"https:\/\/moirai.si\/de\/wp-json\/wp\/v2\/product_brand?post=24231"},{"taxonomy":"product_cat","embeddable":true,"href":"https:\/\/moirai.si\/de\/wp-json\/wp\/v2\/product_cat?post=24231"},{"taxonomy":"product_tag","embeddable":true,"href":"https:\/\/moirai.si\/de\/wp-json\/wp\/v2\/product_tag?post=24231"}],"curies":[{"name":"wp","href":"https:\/\/api.w.org\/{rel}","templated":true}]}}