{"id":24266,"date":"2023-12-01T12:29:38","date_gmt":"2023-12-01T12:29:38","guid":{"rendered":"https:\/\/moirai.si\/?post_type=product&#038;p=24266"},"modified":"2025-01-06T17:19:34","modified_gmt":"2025-01-06T17:19:34","slug":"obesek-rodokrozit-2","status":"publish","type":"product","link":"https:\/\/moirai.si\/de\/izdelek\/obesek-rodokrozit-2\/","title":{"rendered":"Rhodochrosit-Anh\u00e4nger"},"content":{"rendered":"<p>\u010cudovit obesek iz srebra 925 in Rodokrozita. Veri\u017eica ni vklju\u010dena v ceno. Novo veri\u017eico si lahko izberete tukaj: <a href=\"https:\/\/moirai.si\/de\/produktkategorie-2\/anhanger-und-ketten\/ketten-und-schnure\/\" target=\"_blank\" rel=\"noopener noreferrer\">Ketten<\/a><\/p>\n<p>MATERIAL: Rhodochrosit, Sterling Silber 925<br \/>\nTE\u017dA: 16.6 g<br \/>\nVELIKOST OBESKA: 2.8-4.8 cm<br \/>\nSTEINDICKE: 0,6 cm<\/p>","protected":false},"excerpt":{"rendered":"<p>\u010cudovit obesek iz srebra 925 in Rodokrozita. Veri\u017eica ni vklju\u010dena v ceno. Novo veri\u017eico si lahko izberete tukaj: Veri\u017eice MATERIAL: Rodokrozit, Srebro 925 TE\u017dA: 16.6 g VELIKOST OBESKA: 2.8-4.8 cm DEBELINA KAMNA: 0,6 cm<\/p>","protected":false},"featured_media":24267,"template":"","meta":[],"product_brand":[],"product_cat":[910,71],"product_tag":[397,371],"class_list":{"0":"post-24266","1":"product","2":"type-product","3":"status-publish","4":"has-post-thumbnail","6":"product_cat-obeski-in-srebro","7":"product_cat-rodokrozit","8":"product_tag-rodokrozit","9":"product_tag-srebro-925","11":"first","12":"instock","13":"shipping-taxable","14":"purchasable","15":"product-type-simple"},"_links":{"self":[{"href":"https:\/\/moirai.si\/de\/wp-json\/wp\/v2\/product\/24266","targetHints":{"allow":["GET"]}}],"collection":[{"href":"https:\/\/moirai.si\/de\/wp-json\/wp\/v2\/product"}],"about":[{"href":"https:\/\/moirai.si\/de\/wp-json\/wp\/v2\/types\/product"}],"wp:featuredmedia":[{"embeddable":true,"href":"https:\/\/moirai.si\/de\/wp-json\/wp\/v2\/media\/24267"}],"wp:attachment":[{"href":"https:\/\/moirai.si\/de\/wp-json\/wp\/v2\/media?parent=24266"}],"wp:term":[{"taxonomy":"product_brand","embeddable":true,"href":"https:\/\/moirai.si\/de\/wp-json\/wp\/v2\/product_brand?post=24266"},{"taxonomy":"product_cat","embeddable":true,"href":"https:\/\/moirai.si\/de\/wp-json\/wp\/v2\/product_cat?post=24266"},{"taxonomy":"product_tag","embeddable":true,"href":"https:\/\/moirai.si\/de\/wp-json\/wp\/v2\/product_tag?post=24266"}],"curies":[{"name":"wp","href":"https:\/\/api.w.org\/{rel}","templated":true}]}}