{"id":24288,"date":"2023-12-01T13:19:37","date_gmt":"2023-12-01T13:19:37","guid":{"rendered":"https:\/\/moirai.si\/?post_type=product&#038;p=24288"},"modified":"2025-01-06T17:18:37","modified_gmt":"2025-01-06T17:18:37","slug":"obsidianschnee-anhanger-4","status":"publish","type":"product","link":"https:\/\/moirai.si\/de\/izdelek\/obesek-obsidijan-snezni-4\/","title":{"rendered":"Obsidian-Schnee-Anh\u00e4nger"},"content":{"rendered":"<p>Sch\u00f6ner Anh\u00e4nger aus 925er Sterlingsilber und Schneeobsidian. Kette nicht enthalten. Sie k\u00f6nnen eine neue Halskette hier w\u00e4hlen: <a href=\"https:\/\/moirai.si\/de\/produktkategorie-2\/anhanger-und-ketten\/ketten-und-schnure\/\" target=\"_blank\" rel=\"noopener noreferrer\">Ketten<\/a><\/p>\n<p>MATERIAL: Schnee-Obsidian, Sterling Silber 925<br \/>\nGEWICHT: 5 g<br \/>\nBILDGR\u00d6SSE: 1,6-3,2cm<br \/>\nSTEINDICKE: 0,6 cm<\/p>","protected":false},"excerpt":{"rendered":"<p>\u010cudovit obesek iz srebra 925 in Sne\u017enega Obsidijana. Veri\u017eica ni vklju\u010dena v ceno. Novo veri\u017eico si lahko izberete tukaj: Veri\u017eice MATERIAL: Sne\u017eni Obsidijan, Srebro 925 TE\u017dA: 5 g VELIKOST OBESKA: 1,6-3,2cm DEBELINA KAMNA: 0,6 cm<\/p>","protected":false},"featured_media":24289,"template":"","meta":[],"product_brand":[],"product_cat":[910,63],"product_tag":[226,371],"class_list":{"0":"post-24288","1":"product","2":"type-product","3":"status-publish","4":"has-post-thumbnail","6":"product_cat-obeski-in-srebro","7":"product_cat-obsidijan","8":"product_tag-snezni-obsidijan","9":"product_tag-srebro-925","11":"first","12":"instock","13":"shipping-taxable","14":"purchasable","15":"product-type-simple"},"_links":{"self":[{"href":"https:\/\/moirai.si\/de\/wp-json\/wp\/v2\/product\/24288","targetHints":{"allow":["GET"]}}],"collection":[{"href":"https:\/\/moirai.si\/de\/wp-json\/wp\/v2\/product"}],"about":[{"href":"https:\/\/moirai.si\/de\/wp-json\/wp\/v2\/types\/product"}],"wp:featuredmedia":[{"embeddable":true,"href":"https:\/\/moirai.si\/de\/wp-json\/wp\/v2\/media\/24289"}],"wp:attachment":[{"href":"https:\/\/moirai.si\/de\/wp-json\/wp\/v2\/media?parent=24288"}],"wp:term":[{"taxonomy":"product_brand","embeddable":true,"href":"https:\/\/moirai.si\/de\/wp-json\/wp\/v2\/product_brand?post=24288"},{"taxonomy":"product_cat","embeddable":true,"href":"https:\/\/moirai.si\/de\/wp-json\/wp\/v2\/product_cat?post=24288"},{"taxonomy":"product_tag","embeddable":true,"href":"https:\/\/moirai.si\/de\/wp-json\/wp\/v2\/product_tag?post=24288"}],"curies":[{"name":"wp","href":"https:\/\/api.w.org\/{rel}","templated":true}]}}