{"id":24292,"date":"2023-12-01T13:30:05","date_gmt":"2023-12-01T13:30:05","guid":{"rendered":"https:\/\/moirai.si\/?post_type=product&#038;p=24292"},"modified":"2025-01-06T17:18:34","modified_gmt":"2025-01-06T17:18:34","slug":"obesek-kvarc-dimni-12","status":"publish","type":"product","link":"https:\/\/moirai.si\/de\/izdelek\/obesek-kvarc-dimni-12\/","title":{"rendered":"Anh\u00e4nger Quarz-Rauch"},"content":{"rendered":"<p>Sch\u00f6ner Anh\u00e4nger aus 925er Sterlingsilber und Rauchquarz. Die Kette ist nicht im Preis enthalten. Sie k\u00f6nnen eine neue Halskette hier w\u00e4hlen: <a href=\"https:\/\/moirai.si\/de\/produktkategorie-2\/anhanger-und-ketten\/ketten-und-schnure\/\" target=\"_blank\" rel=\"noopener noreferrer\">Ketten<\/a><\/p>\n<p>MATERIAL: Rauchquarz, Sterling Silber 925<br \/>\nGEWICHT: 15,4 g<br \/>\nVELIKOST OBESKA: 2.2-3.7cm<br \/>\nSTEINST\u00c4RKE: 1,3 cm<\/p>","protected":false},"excerpt":{"rendered":"<p>\u010cudovit obesek iz srebra 925 in Dimnega Kvarca. Veri\u017eica ni vklju\u010dena v ceno. Novo veri\u017eico si lahko izberete tukaj: Veri\u017eice MATERIAL: Dimni Kvarc, Srebro 925 TE\u017dA: 15.4 g VELIKOST OBESKA: 2.2-3.7cm DEBELINA KAMNA: 1,3 cm<\/p>","protected":false},"featured_media":24293,"template":"","meta":[],"product_brand":[],"product_cat":[848,910],"product_tag":[365,371],"class_list":{"0":"post-24292","1":"product","2":"type-product","3":"status-publish","4":"has-post-thumbnail","6":"product_cat-kvarc","7":"product_cat-obeski-in-srebro","8":"product_tag-dimni-kvarc","9":"product_tag-srebro-925","11":"first","12":"instock","13":"shipping-taxable","14":"purchasable","15":"product-type-simple"},"_links":{"self":[{"href":"https:\/\/moirai.si\/de\/wp-json\/wp\/v2\/product\/24292","targetHints":{"allow":["GET"]}}],"collection":[{"href":"https:\/\/moirai.si\/de\/wp-json\/wp\/v2\/product"}],"about":[{"href":"https:\/\/moirai.si\/de\/wp-json\/wp\/v2\/types\/product"}],"wp:featuredmedia":[{"embeddable":true,"href":"https:\/\/moirai.si\/de\/wp-json\/wp\/v2\/media\/24293"}],"wp:attachment":[{"href":"https:\/\/moirai.si\/de\/wp-json\/wp\/v2\/media?parent=24292"}],"wp:term":[{"taxonomy":"product_brand","embeddable":true,"href":"https:\/\/moirai.si\/de\/wp-json\/wp\/v2\/product_brand?post=24292"},{"taxonomy":"product_cat","embeddable":true,"href":"https:\/\/moirai.si\/de\/wp-json\/wp\/v2\/product_cat?post=24292"},{"taxonomy":"product_tag","embeddable":true,"href":"https:\/\/moirai.si\/de\/wp-json\/wp\/v2\/product_tag?post=24292"}],"curies":[{"name":"wp","href":"https:\/\/api.w.org\/{rel}","templated":true}]}}