{"id":24306,"date":"2023-12-02T13:21:03","date_gmt":"2023-12-02T13:21:03","guid":{"rendered":"https:\/\/moirai.si\/?post_type=product&#038;p=24306"},"modified":"2025-01-06T17:18:25","modified_gmt":"2025-01-06T17:18:25","slug":"obesek-rutil","status":"publish","type":"product","link":"https:\/\/moirai.si\/de\/izdelek\/obesek-rutil\/","title":{"rendered":"Rutil-Anh\u00e4nger"},"content":{"rendered":"<p>\u010cudovit obesek iz srebra 925 in Rutila. Veri\u017eica ni vklju\u010dena v ceno. Novo veri\u017eico si lahko izberete tukaj: <a href=\"https:\/\/moirai.si\/de\/produktkategorie-2\/anhanger-und-ketten\/ketten-und-schnure\/\" target=\"_blank\" rel=\"noopener noreferrer\">Ketten<\/a><\/p>\n<p>MATERIAL: Rutil, Srebro 925<br \/>\nGEWICHT: 2,4 g<br \/>\nVELIKOST OBESKA: 1,1-2,5cm<br \/>\nSTEINST\u00c4RKE: 0,5 cm<\/p>","protected":false},"excerpt":{"rendered":"<p>\u010cudovit obesek iz srebra 925 in Rutila. Veri\u017eica ni vklju\u010dena v ceno. Novo veri\u017eico si lahko izberete tukaj: Veri\u017eice MATERIAL: Rutil, Srebro 925 TE\u017dA: 2.4 g VELIKOST OBESKA: 1,1-2,5cm DEBELINA KAMNA: 0,5 cm<\/p>","protected":false},"featured_media":24315,"template":"","meta":[],"product_brand":[],"product_cat":[910,72],"product_tag":[314,371],"class_list":{"0":"post-24306","1":"product","2":"type-product","3":"status-publish","4":"has-post-thumbnail","6":"product_cat-obeski-in-srebro","7":"product_cat-rutil","8":"product_tag-rutil","9":"product_tag-srebro-925","11":"first","12":"instock","13":"shipping-taxable","14":"purchasable","15":"product-type-simple"},"_links":{"self":[{"href":"https:\/\/moirai.si\/de\/wp-json\/wp\/v2\/product\/24306","targetHints":{"allow":["GET"]}}],"collection":[{"href":"https:\/\/moirai.si\/de\/wp-json\/wp\/v2\/product"}],"about":[{"href":"https:\/\/moirai.si\/de\/wp-json\/wp\/v2\/types\/product"}],"wp:featuredmedia":[{"embeddable":true,"href":"https:\/\/moirai.si\/de\/wp-json\/wp\/v2\/media\/24315"}],"wp:attachment":[{"href":"https:\/\/moirai.si\/de\/wp-json\/wp\/v2\/media?parent=24306"}],"wp:term":[{"taxonomy":"product_brand","embeddable":true,"href":"https:\/\/moirai.si\/de\/wp-json\/wp\/v2\/product_brand?post=24306"},{"taxonomy":"product_cat","embeddable":true,"href":"https:\/\/moirai.si\/de\/wp-json\/wp\/v2\/product_cat?post=24306"},{"taxonomy":"product_tag","embeddable":true,"href":"https:\/\/moirai.si\/de\/wp-json\/wp\/v2\/product_tag?post=24306"}],"curies":[{"name":"wp","href":"https:\/\/api.w.org\/{rel}","templated":true}]}}