{"id":24333,"date":"2023-12-02T14:32:14","date_gmt":"2023-12-02T14:32:14","guid":{"rendered":"https:\/\/moirai.si\/?post_type=product&#038;p=24333"},"modified":"2025-01-06T17:17:29","modified_gmt":"2025-01-06T17:17:29","slug":"obesek-hrizokol-6","status":"publish","type":"product","link":"https:\/\/moirai.si\/de\/izdelek\/obesek-hrizokol-6\/","title":{"rendered":"Chrysokoll-Anh\u00e4nger"},"content":{"rendered":"<p>\u010cudovit obesek iz srebra 925 in Hrizokola. Veri\u017eica ni vklju\u010dena v ceno. Novo veri\u017eico si lahko izberete tukaj: <a href=\"https:\/\/moirai.si\/de\/produktkategorie-2\/anhanger-und-ketten\/ketten-und-schnure\/\" target=\"_blank\" rel=\"noopener noreferrer\">Ketten<\/a><\/p>\n<p>MATERIAL: Hrizokol, Srebro 925<br \/>\nGEWICHT: 6,3 g<br \/>\nVELIKOST OBESKA: 1,5-2,8cm<br \/>\nSTEINDICKE: 0,8 cm<\/p>","protected":false},"excerpt":{"rendered":"<p>\u010cudovit obesek iz srebra 925 in Hrizokola. Veri\u017eica ni vklju\u010dena v ceno. Novo veri\u017eico si lahko izberete tukaj: Veri\u017eice MATERIAL: Hrizokol, Srebro 925 TE\u017dA: 6.3 g VELIKOST OBESKA: 1,5-2,8cm DEBELINA KAMNA: 0,8 cm<\/p>","protected":false},"featured_media":24334,"template":"","meta":[],"product_brand":[],"product_cat":[780,910],"product_tag":[777,371],"class_list":{"0":"post-24333","1":"product","2":"type-product","3":"status-publish","4":"has-post-thumbnail","6":"product_cat-hrizokol","7":"product_cat-obeski-in-srebro","8":"product_tag-hrizokol","9":"product_tag-srebro-925","11":"first","12":"instock","13":"shipping-taxable","14":"purchasable","15":"product-type-simple"},"_links":{"self":[{"href":"https:\/\/moirai.si\/de\/wp-json\/wp\/v2\/product\/24333","targetHints":{"allow":["GET"]}}],"collection":[{"href":"https:\/\/moirai.si\/de\/wp-json\/wp\/v2\/product"}],"about":[{"href":"https:\/\/moirai.si\/de\/wp-json\/wp\/v2\/types\/product"}],"wp:featuredmedia":[{"embeddable":true,"href":"https:\/\/moirai.si\/de\/wp-json\/wp\/v2\/media\/24334"}],"wp:attachment":[{"href":"https:\/\/moirai.si\/de\/wp-json\/wp\/v2\/media?parent=24333"}],"wp:term":[{"taxonomy":"product_brand","embeddable":true,"href":"https:\/\/moirai.si\/de\/wp-json\/wp\/v2\/product_brand?post=24333"},{"taxonomy":"product_cat","embeddable":true,"href":"https:\/\/moirai.si\/de\/wp-json\/wp\/v2\/product_cat?post=24333"},{"taxonomy":"product_tag","embeddable":true,"href":"https:\/\/moirai.si\/de\/wp-json\/wp\/v2\/product_tag?post=24333"}],"curies":[{"name":"wp","href":"https:\/\/api.w.org\/{rel}","templated":true}]}}