{"id":24359,"date":"2023-12-02T16:42:49","date_gmt":"2023-12-02T16:42:49","guid":{"rendered":"https:\/\/moirai.si\/?post_type=product&#038;p=24359"},"modified":"2025-01-06T17:15:50","modified_gmt":"2025-01-06T17:15:50","slug":"phantom-anhanger-steinblitz-6","status":"publish","type":"product","link":"https:\/\/moirai.si\/de\/izdelek\/obesek-kamena-strela-fantom-6\/","title":{"rendered":"Phantom Bergkristall-Anh\u00e4nger"},"content":{"rendered":"<p>Sch\u00f6ner Anh\u00e4nger aus 925er Sterlingsilber und Lightning-Steinen. Kette nicht enthalten. Sie k\u00f6nnen eine neue Halskette hier w\u00e4hlen: <a href=\"https:\/\/moirai.si\/de\/produktkategorie-2\/anhanger-und-ketten\/ketten-und-schnure\/\" target=\"_blank\" rel=\"noopener noreferrer\">Ketten<\/a><\/p>\n<p>MATERIAL: Phantom Lightning Stein, Sterling Silber 925<br \/>\nGEWICHT: 8,7 g<br \/>\nBILDGR\u00d6SSE: 1,1-4,4cm<br \/>\nSTEINDICKE: 0,8 cm<\/p>","protected":false},"excerpt":{"rendered":"<p>\u010cudovit obesek iz srebra 925 in Kamene Strele. Veri\u017eica ni vklju\u010dena v ceno. Novo veri\u017eico si lahko izberete tukaj: Veri\u017eice MATERIAL: Kamena Strela Fantom, Srebro 925 TE\u017dA: 8.7 g VELIKOST OBESKA: 1,1-4,4cm DEBELINA KAMNA: 0,8 cm<\/p>","protected":false},"featured_media":25556,"template":"","meta":[],"product_brand":[],"product_cat":[68,910],"product_tag":[1078,371],"class_list":{"0":"post-24359","1":"product","2":"type-product","3":"status-publish","4":"has-post-thumbnail","6":"product_cat-kamena-strela","7":"product_cat-obeski-in-srebro","8":"product_tag-kamena-strela-fantom","9":"product_tag-srebro-925","11":"first","12":"instock","13":"shipping-taxable","14":"purchasable","15":"product-type-simple"},"_links":{"self":[{"href":"https:\/\/moirai.si\/de\/wp-json\/wp\/v2\/product\/24359","targetHints":{"allow":["GET"]}}],"collection":[{"href":"https:\/\/moirai.si\/de\/wp-json\/wp\/v2\/product"}],"about":[{"href":"https:\/\/moirai.si\/de\/wp-json\/wp\/v2\/types\/product"}],"wp:featuredmedia":[{"embeddable":true,"href":"https:\/\/moirai.si\/de\/wp-json\/wp\/v2\/media\/25556"}],"wp:attachment":[{"href":"https:\/\/moirai.si\/de\/wp-json\/wp\/v2\/media?parent=24359"}],"wp:term":[{"taxonomy":"product_brand","embeddable":true,"href":"https:\/\/moirai.si\/de\/wp-json\/wp\/v2\/product_brand?post=24359"},{"taxonomy":"product_cat","embeddable":true,"href":"https:\/\/moirai.si\/de\/wp-json\/wp\/v2\/product_cat?post=24359"},{"taxonomy":"product_tag","embeddable":true,"href":"https:\/\/moirai.si\/de\/wp-json\/wp\/v2\/product_tag?post=24359"}],"curies":[{"name":"wp","href":"https:\/\/api.w.org\/{rel}","templated":true}]}}