{"id":24367,"date":"2023-12-02T17:36:15","date_gmt":"2023-12-02T17:36:15","guid":{"rendered":"https:\/\/moirai.si\/?post_type=product&#038;p=24367"},"modified":"2025-01-06T17:15:44","modified_gmt":"2025-01-06T17:15:44","slug":"obesek-serpentin-4","status":"publish","type":"product","link":"https:\/\/moirai.si\/de\/izdelek\/obesek-serpentin-4\/","title":{"rendered":"Serpentinen-Anh\u00e4nger"},"content":{"rendered":"<p>Sch\u00f6ner Anh\u00e4nger aus 925er Silber und Serpentin. Kette nicht enthalten. Sie k\u00f6nnen eine neue Halskette hier w\u00e4hlen: <a href=\"https:\/\/moirai.si\/de\/produktkategorie-2\/anhanger-und-ketten\/ketten-und-schnure\/\" target=\"_blank\" rel=\"noopener noreferrer\">Ketten<\/a><\/p>\n<p>MATERIAL: Serpentin, Sterling Silber 925<br \/>\nGEWICHT: 8,3 g<br \/>\nGR\u00d6SSE DES ANH\u00c4NGERS: 1,5-3,2cm<br \/>\nSTEINDICKE: 1 cm<\/p>","protected":false},"excerpt":{"rendered":"<p>\u010cudovit obesek iz srebra 925 in Serpentina. Veri\u017eica ni vklju\u010dena v ceno. Novo veri\u017eico si lahko izberete tukaj: Veri\u017eice MATERIAL: Serpentin, Srebro 925 TE\u017dA: 8,3 g VELIKOST OBESKA: 1,5-3,2cm DEBELINA KAMNA: 1 cm<\/p>","protected":false},"featured_media":24368,"template":"","meta":[],"product_brand":[],"product_cat":[910,745],"product_tag":[359,371],"class_list":{"0":"post-24367","1":"product","2":"type-product","3":"status-publish","4":"has-post-thumbnail","6":"product_cat-obeski-in-srebro","7":"product_cat-serpentin","8":"product_tag-serpentin","9":"product_tag-srebro-925","11":"first","12":"instock","13":"shipping-taxable","14":"purchasable","15":"product-type-simple"},"_links":{"self":[{"href":"https:\/\/moirai.si\/de\/wp-json\/wp\/v2\/product\/24367","targetHints":{"allow":["GET"]}}],"collection":[{"href":"https:\/\/moirai.si\/de\/wp-json\/wp\/v2\/product"}],"about":[{"href":"https:\/\/moirai.si\/de\/wp-json\/wp\/v2\/types\/product"}],"wp:featuredmedia":[{"embeddable":true,"href":"https:\/\/moirai.si\/de\/wp-json\/wp\/v2\/media\/24368"}],"wp:attachment":[{"href":"https:\/\/moirai.si\/de\/wp-json\/wp\/v2\/media?parent=24367"}],"wp:term":[{"taxonomy":"product_brand","embeddable":true,"href":"https:\/\/moirai.si\/de\/wp-json\/wp\/v2\/product_brand?post=24367"},{"taxonomy":"product_cat","embeddable":true,"href":"https:\/\/moirai.si\/de\/wp-json\/wp\/v2\/product_cat?post=24367"},{"taxonomy":"product_tag","embeddable":true,"href":"https:\/\/moirai.si\/de\/wp-json\/wp\/v2\/product_tag?post=24367"}],"curies":[{"name":"wp","href":"https:\/\/api.w.org\/{rel}","templated":true}]}}