{"id":24379,"date":"2023-12-02T19:56:03","date_gmt":"2023-12-02T19:56:03","guid":{"rendered":"https:\/\/moirai.si\/?post_type=product&#038;p=24379"},"modified":"2025-01-06T17:15:40","modified_gmt":"2025-01-06T17:15:40","slug":"obesek-girasol-rozevec-2","status":"publish","type":"product","link":"https:\/\/moirai.si\/de\/izdelek\/obesek-girasol-rozevec-2\/","title":{"rendered":"Girasol Rosenquarz Anh\u00e4nger"},"content":{"rendered":"<p>Sch\u00f6ner Girasol-Anh\u00e4nger aus Kornelkirsche und 925er Sterlingsilber. Kette nicht inbegriffen. Sie k\u00f6nnen eine neue Halskette hier w\u00e4hlen: <a href=\"https:\/\/moirai.si\/de\/produktkategorie-2\/anhanger-und-ketten\/ketten-und-schnure\/\" target=\"_blank\" rel=\"noopener noreferrer\">Ketten<\/a><\/p>\n<p>MATERIAL: Girasol Rosenquarz, Silber 925<br \/>\nGEWICHT: 9 g<br \/>\nVELIKOST OBESKA: 2-3,8cm<br \/>\nSTEINDICKE: 0,7 cm<\/p>","protected":false},"excerpt":{"rendered":"<p>\u010cudovit obesek Girasol Ro\u017eevca in srebra 925. Veri\u017eica ni vklju\u010dena v ceno. Novo veri\u017eico si lahko izberete tukaj: Veri\u017eice MATERIAL: Girasol Ro\u017eevec, Srebro 925 TE\u017dA: 9 g VELIKOST OBESKA: 2-3,8cm DEBELINA KAMNA: 0,7 cm<\/p>","protected":false},"featured_media":24380,"template":"","meta":[],"product_brand":[],"product_cat":[910,69],"product_tag":[1110,371],"class_list":{"0":"post-24379","1":"product","2":"type-product","3":"status-publish","4":"has-post-thumbnail","6":"product_cat-obeski-in-srebro","7":"product_cat-rozevec","8":"product_tag-girasol-rozevec","9":"product_tag-srebro-925","11":"first","12":"instock","13":"shipping-taxable","14":"purchasable","15":"product-type-simple"},"_links":{"self":[{"href":"https:\/\/moirai.si\/de\/wp-json\/wp\/v2\/product\/24379","targetHints":{"allow":["GET"]}}],"collection":[{"href":"https:\/\/moirai.si\/de\/wp-json\/wp\/v2\/product"}],"about":[{"href":"https:\/\/moirai.si\/de\/wp-json\/wp\/v2\/types\/product"}],"wp:featuredmedia":[{"embeddable":true,"href":"https:\/\/moirai.si\/de\/wp-json\/wp\/v2\/media\/24380"}],"wp:attachment":[{"href":"https:\/\/moirai.si\/de\/wp-json\/wp\/v2\/media?parent=24379"}],"wp:term":[{"taxonomy":"product_brand","embeddable":true,"href":"https:\/\/moirai.si\/de\/wp-json\/wp\/v2\/product_brand?post=24379"},{"taxonomy":"product_cat","embeddable":true,"href":"https:\/\/moirai.si\/de\/wp-json\/wp\/v2\/product_cat?post=24379"},{"taxonomy":"product_tag","embeddable":true,"href":"https:\/\/moirai.si\/de\/wp-json\/wp\/v2\/product_tag?post=24379"}],"curies":[{"name":"wp","href":"https:\/\/api.w.org\/{rel}","templated":true}]}}