{"id":24408,"date":"2023-12-02T21:36:04","date_gmt":"2023-12-02T21:36:04","guid":{"rendered":"https:\/\/moirai.si\/?post_type=product&#038;p=24408"},"modified":"2025-01-06T17:14:30","modified_gmt":"2025-01-06T17:14:30","slug":"obesek-iolit-3","status":"publish","type":"product","link":"https:\/\/moirai.si\/de\/izdelek\/obesek-iolit-3\/","title":{"rendered":"Iolith-Anh\u00e4nger"},"content":{"rendered":"<p>\u010cudovit obesek Iolita in srebra 925. Veri\u017eica ni vklju\u010dena v ceno. Novo veri\u017eico si lahko izberete tukaj: <a href=\"https:\/\/moirai.si\/de\/produktkategorie-2\/anhanger-und-ketten\/ketten-und-schnure\/\" target=\"_blank\" rel=\"noopener noreferrer\">Ketten<\/a><\/p>\n<p>MATERIAL: Iolith, 925er Silber<br \/>\nTE\u017dA: 2,5 g<br \/>\nVELIKOST OBESKA: 0,9-2,2cm<br \/>\nSTEINDICKE: 0,7 cm<\/p>","protected":false},"excerpt":{"rendered":"<p>\u010cudovit obesek Iolita in srebra 925. Veri\u017eica ni vklju\u010dena v ceno. Novo veri\u017eico si lahko izberete tukaj: Veri\u017eice MATERIAL: Iolit, Srebro 925 TE\u017dA: 2,5 g VELIKOST OBESKA: 0,9-2,2cm DEBELINA KAMNA: 0,7 cm<\/p>","protected":false},"featured_media":24409,"template":"","meta":[],"product_brand":[],"product_cat":[910],"product_tag":[1014,371],"class_list":{"0":"post-24408","1":"product","2":"type-product","3":"status-publish","4":"has-post-thumbnail","6":"product_cat-obeski-in-srebro","7":"product_tag-iolit","8":"product_tag-srebro-925","10":"first","11":"instock","12":"shipping-taxable","13":"purchasable","14":"product-type-simple"},"_links":{"self":[{"href":"https:\/\/moirai.si\/de\/wp-json\/wp\/v2\/product\/24408","targetHints":{"allow":["GET"]}}],"collection":[{"href":"https:\/\/moirai.si\/de\/wp-json\/wp\/v2\/product"}],"about":[{"href":"https:\/\/moirai.si\/de\/wp-json\/wp\/v2\/types\/product"}],"wp:featuredmedia":[{"embeddable":true,"href":"https:\/\/moirai.si\/de\/wp-json\/wp\/v2\/media\/24409"}],"wp:attachment":[{"href":"https:\/\/moirai.si\/de\/wp-json\/wp\/v2\/media?parent=24408"}],"wp:term":[{"taxonomy":"product_brand","embeddable":true,"href":"https:\/\/moirai.si\/de\/wp-json\/wp\/v2\/product_brand?post=24408"},{"taxonomy":"product_cat","embeddable":true,"href":"https:\/\/moirai.si\/de\/wp-json\/wp\/v2\/product_cat?post=24408"},{"taxonomy":"product_tag","embeddable":true,"href":"https:\/\/moirai.si\/de\/wp-json\/wp\/v2\/product_tag?post=24408"}],"curies":[{"name":"wp","href":"https:\/\/api.w.org\/{rel}","templated":true}]}}