{"id":24416,"date":"2023-12-02T22:19:08","date_gmt":"2023-12-02T22:19:08","guid":{"rendered":"https:\/\/moirai.si\/?post_type=product&#038;p=24416"},"modified":"2025-01-06T17:13:41","modified_gmt":"2025-01-06T17:13:41","slug":"fluorit-regenbogen-anhanger","status":"publish","type":"product","link":"https:\/\/moirai.si\/de\/izdelek\/obesek-fluorit-mavricni\/","title":{"rendered":"Fluorit-Regenbogen-Anh\u00e4nger"},"content":{"rendered":"<p>\u010cudovit obesek Mavri\u010dnega Fluorita in srebra 925. Veri\u017eica ni vklju\u010dena v ceno. Novo veri\u017eico si lahko izberete tukaj: <a href=\"https:\/\/moirai.si\/de\/produktkategorie-2\/anhanger-und-ketten\/ketten-und-schnure\/\" target=\"_blank\" rel=\"noopener noreferrer\">Ketten<\/a><\/p>\n<p>MATERIAL: Schillernder Fluorit, Sterling Silber 925<br \/>\nGEWICHT: 12 g<br \/>\nGR\u00d6SSE DES BILDES: 2,2-4,3cm<br \/>\nSTEINDICKE: 0,7 cm<\/p>","protected":false},"excerpt":{"rendered":"<p>\u010cudovit obesek Mavri\u010dnega Fluorita in srebra 925. Veri\u017eica ni vklju\u010dena v ceno. Novo veri\u017eico si lahko izberete tukaj: Veri\u017eice MATERIAL: Mavri\u010dni Fluorit, Srebro 925 TE\u017dA: 12 g VELIKOST OBESKA: 2,2-4,3cm DEBELINA KAMNA: 0,7 cm<\/p>","protected":false},"featured_media":24417,"template":"","meta":[],"product_brand":[],"product_cat":[39,910],"product_tag":[831,371],"class_list":{"0":"post-24416","1":"product","2":"type-product","3":"status-publish","4":"has-post-thumbnail","6":"product_cat-fluorit","7":"product_cat-obeski-in-srebro","8":"product_tag-mavricni-fluorit","9":"product_tag-srebro-925","11":"first","12":"instock","13":"shipping-taxable","14":"purchasable","15":"product-type-simple"},"_links":{"self":[{"href":"https:\/\/moirai.si\/de\/wp-json\/wp\/v2\/product\/24416","targetHints":{"allow":["GET"]}}],"collection":[{"href":"https:\/\/moirai.si\/de\/wp-json\/wp\/v2\/product"}],"about":[{"href":"https:\/\/moirai.si\/de\/wp-json\/wp\/v2\/types\/product"}],"wp:featuredmedia":[{"embeddable":true,"href":"https:\/\/moirai.si\/de\/wp-json\/wp\/v2\/media\/24417"}],"wp:attachment":[{"href":"https:\/\/moirai.si\/de\/wp-json\/wp\/v2\/media?parent=24416"}],"wp:term":[{"taxonomy":"product_brand","embeddable":true,"href":"https:\/\/moirai.si\/de\/wp-json\/wp\/v2\/product_brand?post=24416"},{"taxonomy":"product_cat","embeddable":true,"href":"https:\/\/moirai.si\/de\/wp-json\/wp\/v2\/product_cat?post=24416"},{"taxonomy":"product_tag","embeddable":true,"href":"https:\/\/moirai.si\/de\/wp-json\/wp\/v2\/product_tag?post=24416"}],"curies":[{"name":"wp","href":"https:\/\/api.w.org\/{rel}","templated":true}]}}