{"id":24874,"date":"2024-07-17T12:24:51","date_gmt":"2024-07-17T12:24:51","guid":{"rendered":"https:\/\/moirai.si\/?post_type=product&#038;p=24874"},"modified":"2024-07-17T12:24:52","modified_gmt":"2024-07-17T12:24:52","slug":"versy-obsidian-silber-2","status":"publish","type":"product","link":"https:\/\/moirai.si\/de\/izdelek\/versy-obsidijan-srebrni-2\/","title":{"rendered":"Versy Obsidian Silber"},"content":{"rendered":"<p>Einzigartiger Anh\u00e4nger aus der Versy-Kollektion aus silbernem Obsidian an einem schwarzen Lederband mit verstellbarer L\u00e4nge (den Knoten nach oben oder unten ziehen). Die Kette ist unisex und f\u00fcr Kinder und Erwachsene geeignet. <\/p>\n<p>MATERIAL: Silberner Obsidian, schwarzes Leder<br \/>\nL\u00c4NGE: flexibel (38-77 cm)<br \/>\nGEWICHT: 11,3 g<br \/>\nGr\u00f6\u00dfe des Steins: 1,7\u00d72,5 cm<br \/>\nSTEINST\u00c4RKE: 1,1 cm <\/p>","protected":false},"excerpt":{"rendered":"<p>Unikaten obesek kolekcije Versy iz srebrnega Obsidijana na \u010drnem usnjenem traku s prilagodljivo dol\u017eino (poteg vozla gor oz. dol). Ogrlica je unisex in je primerna za otroke in odrasle. MATERIAL: srebrni Obsidijan, \u010drno usnje DOL\u017dINA: prilagodljiva (38-77 cm) TE\u017dA: 11,3 g VELIKOST KAMNA: 1.7&#215;2.5 cm DEBELINA KAMNA: 1,1 cm<\/p>","protected":false},"featured_media":24875,"template":"","meta":[],"product_brand":[],"product_cat":[92,63,309],"product_tag":[648,827],"class_list":{"0":"post-24874","1":"product","2":"type-product","3":"status-publish","4":"has-post-thumbnail","6":"product_cat-obeski-in-usnje","7":"product_cat-obsidijan","8":"product_cat-versy","9":"product_tag-crno-usnje","10":"product_tag-srebrni-obsidijan","12":"first","13":"instock","14":"shipping-taxable","15":"purchasable","16":"product-type-simple"},"_links":{"self":[{"href":"https:\/\/moirai.si\/de\/wp-json\/wp\/v2\/product\/24874","targetHints":{"allow":["GET"]}}],"collection":[{"href":"https:\/\/moirai.si\/de\/wp-json\/wp\/v2\/product"}],"about":[{"href":"https:\/\/moirai.si\/de\/wp-json\/wp\/v2\/types\/product"}],"wp:featuredmedia":[{"embeddable":true,"href":"https:\/\/moirai.si\/de\/wp-json\/wp\/v2\/media\/24875"}],"wp:attachment":[{"href":"https:\/\/moirai.si\/de\/wp-json\/wp\/v2\/media?parent=24874"}],"wp:term":[{"taxonomy":"product_brand","embeddable":true,"href":"https:\/\/moirai.si\/de\/wp-json\/wp\/v2\/product_brand?post=24874"},{"taxonomy":"product_cat","embeddable":true,"href":"https:\/\/moirai.si\/de\/wp-json\/wp\/v2\/product_cat?post=24874"},{"taxonomy":"product_tag","embeddable":true,"href":"https:\/\/moirai.si\/de\/wp-json\/wp\/v2\/product_tag?post=24874"}],"curies":[{"name":"wp","href":"https:\/\/api.w.org\/{rel}","templated":true}]}}