{"id":24922,"date":"2024-07-18T14:15:20","date_gmt":"2024-07-18T14:15:20","guid":{"rendered":"https:\/\/moirai.si\/?post_type=product&#038;p=24922"},"modified":"2024-07-18T14:27:14","modified_gmt":"2024-07-18T14:27:14","slug":"versy-lapis-lazuli-2","status":"publish","type":"product","link":"https:\/\/moirai.si\/de\/izdelek\/versy-lapis-lazuli-2\/","title":{"rendered":"Versy Lapislazuli"},"content":{"rendered":"<p>Einzigartiger Anh\u00e4nger aus der Versy-Kollektion von Lapis Lazuli an einem schwarzen Lederband mit verstellbarer L\u00e4nge (den Knoten nach oben oder unten ziehen). Die Kette ist unisex und f\u00fcr Kinder und Erwachsene geeignet. <\/p>\n<p>MATERIAL: Lapislazuli, schwarzes Leder<br \/>\nL\u00c4NGE: flexibel (38-77 cm)<br \/>\nGEWICHT: 10,8 g<br \/>\nGr\u00f6\u00dfe des Steins: 1,8\u00d72,2 cm<br \/>\nSTEINST\u00c4RKE: 0,5 cm <\/p>","protected":false},"excerpt":{"rendered":"<p>Unikaten obesek kolekcije Versy iz Lapis Lazulija na \u010drnem usnjenem traku s prilagodljivo dol\u017eino (poteg vozla gor oz. dol). Ogrlica je unisex in je primerna za otroke in odrasle. MATERIAL: Lapis Lazuli, \u010drno usnje DOL\u017dINA: prilagodljiva (38-77 cm) TE\u017dA: 10,8 g VELIKOST KAMNA: 1,8&#215;2,2 cm DEBELINA KAMNA: 0,5 cm<\/p>","protected":false},"featured_media":24923,"template":"","meta":[],"product_brand":[],"product_cat":[55,92,309],"product_tag":[648,280],"class_list":{"0":"post-24922","1":"product","2":"type-product","3":"status-publish","4":"has-post-thumbnail","6":"product_cat-lapis-lazuli","7":"product_cat-obeski-in-usnje","8":"product_cat-versy","9":"product_tag-crno-usnje","10":"product_tag-lapis-lazuli","12":"first","13":"instock","14":"shipping-taxable","15":"purchasable","16":"product-type-simple"},"_links":{"self":[{"href":"https:\/\/moirai.si\/de\/wp-json\/wp\/v2\/product\/24922","targetHints":{"allow":["GET"]}}],"collection":[{"href":"https:\/\/moirai.si\/de\/wp-json\/wp\/v2\/product"}],"about":[{"href":"https:\/\/moirai.si\/de\/wp-json\/wp\/v2\/types\/product"}],"wp:featuredmedia":[{"embeddable":true,"href":"https:\/\/moirai.si\/de\/wp-json\/wp\/v2\/media\/24923"}],"wp:attachment":[{"href":"https:\/\/moirai.si\/de\/wp-json\/wp\/v2\/media?parent=24922"}],"wp:term":[{"taxonomy":"product_brand","embeddable":true,"href":"https:\/\/moirai.si\/de\/wp-json\/wp\/v2\/product_brand?post=24922"},{"taxonomy":"product_cat","embeddable":true,"href":"https:\/\/moirai.si\/de\/wp-json\/wp\/v2\/product_cat?post=24922"},{"taxonomy":"product_tag","embeddable":true,"href":"https:\/\/moirai.si\/de\/wp-json\/wp\/v2\/product_tag?post=24922"}],"curies":[{"name":"wp","href":"https:\/\/api.w.org\/{rel}","templated":true}]}}