{"id":24944,"date":"2024-07-19T13:04:15","date_gmt":"2024-07-19T13:04:15","guid":{"rendered":"https:\/\/moirai.si\/?post_type=product&#038;p=24944"},"modified":"2024-07-19T13:04:16","modified_gmt":"2024-07-19T13:04:16","slug":"versy-rozevec-girasol-3","status":"publish","type":"product","link":"https:\/\/moirai.si\/de\/izdelek\/versy-rozevec-girasol-3\/","title":{"rendered":"Versy Rosenquarz Girasol"},"content":{"rendered":"<p>Einzigartiger Anh\u00e4nger aus der Versy-Kollektion von Girasola an einem schwarzen Lederband mit verstellbarer L\u00e4nge (den Knoten nach oben oder unten ziehen). Die Kette ist unisex und f\u00fcr Kinder und Erwachsene geeignet. <\/p>\n<p>MATERIAL: Cornelian &amp; Girasol, schwarzes Leder<br \/>\nL\u00c4NGE: flexibel (38-77 cm)<br \/>\nTE\u017dA: 11.4 g<br \/>\nVELIKOST KAMNA: 2&#215;2,7 cm<br \/>\nSTEINDICKE: 0,7 cm <\/p>","protected":false},"excerpt":{"rendered":"<p>Unikaten obesek kolekcije Versy iz Ro\u017eevec Girasola na \u010drnem usnjenem traku s prilagodljivo dol\u017eino (poteg vozla gor oz. dol). Ogrlica je unisex in je primerna za otroke in odrasle. MATERIAL: Ro\u017eevec &#038; Girasol, \u010drno usnje DOL\u017dINA: prilagodljiva (38-77 cm) TE\u017dA: 11.4 g VELIKOST KAMNA: 2&#215;2,7 cm DEBELINA KAMNA: 0,7 cm<\/p>","protected":false},"featured_media":24945,"template":"","meta":[],"product_brand":[],"product_cat":[92,69,309],"product_tag":[648,1118],"class_list":{"0":"post-24944","1":"product","2":"type-product","3":"status-publish","4":"has-post-thumbnail","6":"product_cat-obeski-in-usnje","7":"product_cat-rozevec","8":"product_cat-versy","9":"product_tag-crno-usnje","10":"product_tag-rozevec-girasol","12":"first","13":"instock","14":"shipping-taxable","15":"purchasable","16":"product-type-simple"},"_links":{"self":[{"href":"https:\/\/moirai.si\/de\/wp-json\/wp\/v2\/product\/24944","targetHints":{"allow":["GET"]}}],"collection":[{"href":"https:\/\/moirai.si\/de\/wp-json\/wp\/v2\/product"}],"about":[{"href":"https:\/\/moirai.si\/de\/wp-json\/wp\/v2\/types\/product"}],"wp:featuredmedia":[{"embeddable":true,"href":"https:\/\/moirai.si\/de\/wp-json\/wp\/v2\/media\/24945"}],"wp:attachment":[{"href":"https:\/\/moirai.si\/de\/wp-json\/wp\/v2\/media?parent=24944"}],"wp:term":[{"taxonomy":"product_brand","embeddable":true,"href":"https:\/\/moirai.si\/de\/wp-json\/wp\/v2\/product_brand?post=24944"},{"taxonomy":"product_cat","embeddable":true,"href":"https:\/\/moirai.si\/de\/wp-json\/wp\/v2\/product_cat?post=24944"},{"taxonomy":"product_tag","embeddable":true,"href":"https:\/\/moirai.si\/de\/wp-json\/wp\/v2\/product_tag?post=24944"}],"curies":[{"name":"wp","href":"https:\/\/api.w.org\/{rel}","templated":true}]}}