{"id":25151,"date":"2024-11-28T16:02:08","date_gmt":"2024-11-28T16:02:08","guid":{"rendered":"https:\/\/moirai.si\/?post_type=product&#038;p=25151"},"modified":"2026-03-26T12:52:58","modified_gmt":"2026-03-26T12:52:58","slug":"mischung-aus-unbehandeltem","status":"publish","type":"product","link":"https:\/\/moirai.si\/de\/izdelek\/mix-neobdelanih\/","title":{"rendered":"Mix unverarbeitet"},"content":{"rendered":"<p>Satz von 6 verschiedenen Rohsteinen. Die Abbildung ist symbolisch. Geringe Abweichungen in Gewicht, Farbe und Form sind m\u00f6glich. <\/p>\n<p>MATERIAL: Blitzstein, Schwarzer Obsidian, Orangencalcit, Moosachat, Heliotrop, Baumachat<br \/>\nABMESSUNGEN: ca. 3 bis 5 cm<br \/>\nGEWICHT: ca. 160 g<\/p>","protected":false},"excerpt":{"rendered":"<p>Komplet 6 razli\u010dnih neobdelanih kamnov. Slika je simboli\u010dna. Mo\u017ena so manj\u0161a odstopanja v te\u017ei, barvi in obliki. MATERIAL: Kamena Strela, \u010drni Obsidijan, oran\u017eni Kalcit, Mahovni Ahat, Heliotrop, Drevesni Ahat DIMENZIJE: cca 3 do 5cm TE\u017dA: cca 160 g<\/p>","protected":false},"featured_media":25152,"template":"","meta":[],"product_brand":[],"product_cat":[30,518,747,68,185,63],"product_tag":[868,482,486,203,775,741],"class_list":{"0":"post-25151","1":"product","2":"type-product","3":"status-publish","4":"has-post-thumbnail","6":"product_cat-ahat","7":"product_cat-heliotrop","8":"product_cat-kalcit","9":"product_cat-kamena-strela","10":"product_cat-kristali-in-minerali","11":"product_cat-obsidijan","12":"product_tag-crni-obsidijan","13":"product_tag-drevesni-ahat","14":"product_tag-heliotrop","15":"product_tag-kamena-strela","16":"product_tag-mahovni-ahat","17":"product_tag-oranzni-kalcit","19":"first","20":"instock","21":"shipping-taxable","22":"purchasable","23":"product-type-simple"},"_links":{"self":[{"href":"https:\/\/moirai.si\/de\/wp-json\/wp\/v2\/product\/25151","targetHints":{"allow":["GET"]}}],"collection":[{"href":"https:\/\/moirai.si\/de\/wp-json\/wp\/v2\/product"}],"about":[{"href":"https:\/\/moirai.si\/de\/wp-json\/wp\/v2\/types\/product"}],"wp:featuredmedia":[{"embeddable":true,"href":"https:\/\/moirai.si\/de\/wp-json\/wp\/v2\/media\/25152"}],"wp:attachment":[{"href":"https:\/\/moirai.si\/de\/wp-json\/wp\/v2\/media?parent=25151"}],"wp:term":[{"taxonomy":"product_brand","embeddable":true,"href":"https:\/\/moirai.si\/de\/wp-json\/wp\/v2\/product_brand?post=25151"},{"taxonomy":"product_cat","embeddable":true,"href":"https:\/\/moirai.si\/de\/wp-json\/wp\/v2\/product_cat?post=25151"},{"taxonomy":"product_tag","embeddable":true,"href":"https:\/\/moirai.si\/de\/wp-json\/wp\/v2\/product_tag?post=25151"}],"curies":[{"name":"wp","href":"https:\/\/api.w.org\/{rel}","templated":true}]}}