{"id":25162,"date":"2024-11-28T17:04:00","date_gmt":"2024-11-28T17:04:00","guid":{"rendered":"https:\/\/moirai.si\/?post_type=product&#038;p=25162"},"modified":"2025-10-23T10:30:33","modified_gmt":"2025-10-23T10:30:33","slug":"ametist-l-2","status":"publish","type":"product","link":"https:\/\/moirai.si\/de\/izdelek\/ametist-l-2\/","title":{"rendered":"Ametist L"},"content":{"rendered":"<p>\u010cudovit kos nespoliranega Ametista, ki slu\u017ei kot odli\u010dna okrasitev doma ali kot darilo za va\u0161e najbli\u017enje.  Slika je simboli\u010dna. Mo\u017ena so manj\u0161a odstopanja v barvi, te\u017ei in obliki.<\/p>\n<p>Weitere Informationen: <a href=\"https:\/\/moirai.si\/de\/amethyst-2\/\" target=\"_blank\" rel=\"noopener noreferrer\">Amethyst<\/a><\/p>\n<p>MATERIAL: Amethyst<br \/>\nABMESSUNGEN: ca. 7 cm<br \/>\nTE\u017dA: cca 100-120 g<\/p>","protected":false},"excerpt":{"rendered":"<p>\u010cudovit kos nespoliranega Ametista, ki slu\u017ei kot odli\u010dna okrasitev doma ali kot darilo za va\u0161e najbli\u017enje. Slika je simboli\u010dna. Mo\u017ena so manj\u0161a odstopanja v barvi, te\u017ei in obliki. Ve\u010d informacij: Ametist MATERIAL: Ametist DIMENZIJE: cca 7 cm TE\u017dA: cca 100-120 g<\/p>","protected":false},"featured_media":25163,"template":"","meta":[],"product_brand":[],"product_cat":[33,185,848],"product_tag":[195],"class_list":{"0":"post-25162","1":"product","2":"type-product","3":"status-publish","4":"has-post-thumbnail","6":"product_cat-ametist","7":"product_cat-kristali-in-minerali","8":"product_cat-kvarc","9":"product_tag-ametist","11":"first","12":"outofstock","13":"shipping-taxable","14":"purchasable","15":"product-type-simple"},"_links":{"self":[{"href":"https:\/\/moirai.si\/de\/wp-json\/wp\/v2\/product\/25162","targetHints":{"allow":["GET"]}}],"collection":[{"href":"https:\/\/moirai.si\/de\/wp-json\/wp\/v2\/product"}],"about":[{"href":"https:\/\/moirai.si\/de\/wp-json\/wp\/v2\/types\/product"}],"wp:featuredmedia":[{"embeddable":true,"href":"https:\/\/moirai.si\/de\/wp-json\/wp\/v2\/media\/25163"}],"wp:attachment":[{"href":"https:\/\/moirai.si\/de\/wp-json\/wp\/v2\/media?parent=25162"}],"wp:term":[{"taxonomy":"product_brand","embeddable":true,"href":"https:\/\/moirai.si\/de\/wp-json\/wp\/v2\/product_brand?post=25162"},{"taxonomy":"product_cat","embeddable":true,"href":"https:\/\/moirai.si\/de\/wp-json\/wp\/v2\/product_cat?post=25162"},{"taxonomy":"product_tag","embeddable":true,"href":"https:\/\/moirai.si\/de\/wp-json\/wp\/v2\/product_tag?post=25162"}],"curies":[{"name":"wp","href":"https:\/\/api.w.org\/{rel}","templated":true}]}}