{"id":25164,"date":"2024-11-28T17:26:03","date_gmt":"2024-11-28T17:26:03","guid":{"rendered":"https:\/\/moirai.si\/?post_type=product&#038;p=25164"},"modified":"2025-11-11T13:36:03","modified_gmt":"2025-11-11T13:36:03","slug":"granatgrun-l","status":"publish","type":"product","link":"https:\/\/moirai.si\/de\/izdelek\/granat-zeleni-l\/","title":{"rendered":"Granatgr\u00fcn L"},"content":{"rendered":"<p>Ein sch\u00f6nes St\u00fcck polierter Gr\u00fcner Granat (Tansania), geeignet als heilender Handstein oder als Geschenk. Die Abbildung ist symbolisch. Geringe Abweichungen in Farbe, Gewicht und Form sind m\u00f6glich.<\/p>\n<p>MATERIAL: Gr\u00fcner Granat (Tsavorit oder Tsavolith), (Tansania)<br \/>\nABMESSUNGEN: ca. 2 cm<br \/>\nGEWICHT: 8-10 g<\/p>","protected":false},"excerpt":{"rendered":"<p>\u010cudovit kos spoliranega zelenega Granata (Tanzanija), primeren kot zdravilni ro\u010dni kamen ali kot darilo. Slika je simboli\u010dna. Mo\u017ena so manj\u0161a odstopanja v barvi, te\u017ei in obliki. MATERIAL: zeleni Granat (Tsavorit ali Tsavolit), (Tanzanija) DIMENZIJE: cca 2 cm TE\u017dA: 8-10 g<\/p>","protected":false},"featured_media":25168,"template":"","meta":[],"product_brand":[],"product_cat":[41,753],"product_tag":[1125,1117],"class_list":{"0":"post-25164","1":"product","2":"type-product","3":"status-publish","4":"has-post-thumbnail","6":"product_cat-granat","7":"product_cat-rocni-kamni","8":"product_tag-tanzanija","9":"product_tag-zeleni-granat-tsavorit-ali-tsavolit","11":"first","12":"instock","13":"shipping-taxable","14":"purchasable","15":"product-type-simple"},"_links":{"self":[{"href":"https:\/\/moirai.si\/de\/wp-json\/wp\/v2\/product\/25164","targetHints":{"allow":["GET"]}}],"collection":[{"href":"https:\/\/moirai.si\/de\/wp-json\/wp\/v2\/product"}],"about":[{"href":"https:\/\/moirai.si\/de\/wp-json\/wp\/v2\/types\/product"}],"wp:featuredmedia":[{"embeddable":true,"href":"https:\/\/moirai.si\/de\/wp-json\/wp\/v2\/media\/25168"}],"wp:attachment":[{"href":"https:\/\/moirai.si\/de\/wp-json\/wp\/v2\/media?parent=25164"}],"wp:term":[{"taxonomy":"product_brand","embeddable":true,"href":"https:\/\/moirai.si\/de\/wp-json\/wp\/v2\/product_brand?post=25164"},{"taxonomy":"product_cat","embeddable":true,"href":"https:\/\/moirai.si\/de\/wp-json\/wp\/v2\/product_cat?post=25164"},{"taxonomy":"product_tag","embeddable":true,"href":"https:\/\/moirai.si\/de\/wp-json\/wp\/v2\/product_tag?post=25164"}],"curies":[{"name":"wp","href":"https:\/\/api.w.org\/{rel}","templated":true}]}}