{"id":25169,"date":"2024-11-28T17:39:44","date_gmt":"2024-11-28T17:39:44","guid":{"rendered":"https:\/\/moirai.si\/?post_type=product&#038;p=25169"},"modified":"2026-03-26T12:45:23","modified_gmt":"2026-03-26T12:45:23","slug":"girasol-rozevec-s","status":"publish","type":"product","link":"https:\/\/moirai.si\/de\/izdelek\/girasol-rozevec-s\/","title":{"rendered":"Girasol Cornelian S"},"content":{"rendered":"<p>Ein sch\u00f6nes St\u00fcck polierter Girasol-Rosenquarz, geeignet als heilender Handstein oder als Geschenk f\u00fcr Ihre Lieben. Das Bild ist symbolisch. Geringe Abweichungen in Farbe, Gewicht und Form k\u00f6nnen auftreten.<\/p>\n<p>MATERIAL: Girasol Rosenquarz (Madagaskar)<br \/>\nABMESSUNGEN: ca. 2 cm<br \/>\nGEWICHT: 5-10 g<\/p>","protected":false},"excerpt":{"rendered":"<p>\u010cudovit kos spoliranega Girasol Ro\u017eevca, primeren kot zdravilni ro\u010dni kamen ali kot darilo za va\u0161e najbli\u017enje. Slika je simboli\u010dna. Mo\u017ena so manj\u0161a odstopanja v barvi, te\u017ei in obliki. MATERIAL: Girasol Ro\u017eevec (Madagaskar) DIMENZIJE: cca 2 cm TE\u017dA: 5-10 g<\/p>","protected":false},"featured_media":25170,"template":"","meta":[],"product_brand":[],"product_cat":[753,69],"product_tag":[1126],"class_list":{"0":"post-25169","1":"product","2":"type-product","3":"status-publish","4":"has-post-thumbnail","6":"product_cat-rocni-kamni","7":"product_cat-rozevec","8":"product_tag-girasol-rozevec-madagaskar","10":"first","11":"instock","12":"shipping-taxable","13":"purchasable","14":"product-type-simple"},"_links":{"self":[{"href":"https:\/\/moirai.si\/de\/wp-json\/wp\/v2\/product\/25169","targetHints":{"allow":["GET"]}}],"collection":[{"href":"https:\/\/moirai.si\/de\/wp-json\/wp\/v2\/product"}],"about":[{"href":"https:\/\/moirai.si\/de\/wp-json\/wp\/v2\/types\/product"}],"wp:featuredmedia":[{"embeddable":true,"href":"https:\/\/moirai.si\/de\/wp-json\/wp\/v2\/media\/25170"}],"wp:attachment":[{"href":"https:\/\/moirai.si\/de\/wp-json\/wp\/v2\/media?parent=25169"}],"wp:term":[{"taxonomy":"product_brand","embeddable":true,"href":"https:\/\/moirai.si\/de\/wp-json\/wp\/v2\/product_brand?post=25169"},{"taxonomy":"product_cat","embeddable":true,"href":"https:\/\/moirai.si\/de\/wp-json\/wp\/v2\/product_cat?post=25169"},{"taxonomy":"product_tag","embeddable":true,"href":"https:\/\/moirai.si\/de\/wp-json\/wp\/v2\/product_tag?post=25169"}],"curies":[{"name":"wp","href":"https:\/\/api.w.org\/{rel}","templated":true}]}}