{"id":25192,"date":"2024-11-28T21:05:18","date_gmt":"2024-11-28T21:05:18","guid":{"rendered":"https:\/\/moirai.si\/?post_type=product&#038;p=25192"},"modified":"2025-02-19T18:46:01","modified_gmt":"2025-02-19T18:46:01","slug":"versy-ahat-mahovni-5","status":"publish","type":"product","link":"https:\/\/moirai.si\/de\/izdelek\/versy-ahat-mahovni-5\/","title":{"rendered":"Versy Moosiger Achat"},"content":{"rendered":"<p>Einzigartiger Anh\u00e4nger der Versy-Kollektion aus Moosachat an einem schwarzen Lederband mit verstellbarer L\u00e4nge (den Knoten nach oben oder unten ziehen). Die Kette ist unisex und f\u00fcr Kinder und Erwachsene geeignet. <\/p>\n<p>Weitere Informationen: <a href=\"https:\/\/moirai.si\/de\/achat\/\" target=\"_blank\" rel=\"noopener noreferrer\">Achat<\/a><\/p>\n<p>MATERIAL: Moosachat, schwarzes Leder<br \/>\nL\u00c4NGE: flexibel (38-77 cm)<br \/>\nGEWICHT: 12,4 g<br \/>\nGr\u00f6\u00dfe des Steins: 1,7\u00d72,2 cm<br \/>\nSTEINDICKE: 1 cm <\/p>","protected":false},"excerpt":{"rendered":"<p>Unikaten obesek kolekcije Versy iz Mahovnega Ahata na \u010drnem usnjenem traku s prilagodljivo dol\u017eino (poteg vozla gor oz. dol). Ogrlica je unisex in je primerna za otroke in odrasle. Ve\u010d informacij: Ahat MATERIAL: Mahovni Ahat, \u010drno usnje DOL\u017dINA: prilagodljiva (38-77 cm) TE\u017dA: 12,4 g VELIKOST KAMNA: 1,7&#215;2,2 cm DEBELINA KAMNA: 1 cm<\/p>","protected":false},"featured_media":25193,"template":"","meta":[],"product_brand":[],"product_cat":[30,92,309],"product_tag":[648,775],"class_list":{"0":"post-25192","1":"product","2":"type-product","3":"status-publish","4":"has-post-thumbnail","6":"product_cat-ahat","7":"product_cat-obeski-in-usnje","8":"product_cat-versy","9":"product_tag-crno-usnje","10":"product_tag-mahovni-ahat","12":"first","13":"instock","14":"shipping-taxable","15":"purchasable","16":"product-type-simple"},"_links":{"self":[{"href":"https:\/\/moirai.si\/de\/wp-json\/wp\/v2\/product\/25192","targetHints":{"allow":["GET"]}}],"collection":[{"href":"https:\/\/moirai.si\/de\/wp-json\/wp\/v2\/product"}],"about":[{"href":"https:\/\/moirai.si\/de\/wp-json\/wp\/v2\/types\/product"}],"wp:featuredmedia":[{"embeddable":true,"href":"https:\/\/moirai.si\/de\/wp-json\/wp\/v2\/media\/25193"}],"wp:attachment":[{"href":"https:\/\/moirai.si\/de\/wp-json\/wp\/v2\/media?parent=25192"}],"wp:term":[{"taxonomy":"product_brand","embeddable":true,"href":"https:\/\/moirai.si\/de\/wp-json\/wp\/v2\/product_brand?post=25192"},{"taxonomy":"product_cat","embeddable":true,"href":"https:\/\/moirai.si\/de\/wp-json\/wp\/v2\/product_cat?post=25192"},{"taxonomy":"product_tag","embeddable":true,"href":"https:\/\/moirai.si\/de\/wp-json\/wp\/v2\/product_tag?post=25192"}],"curies":[{"name":"wp","href":"https:\/\/api.w.org\/{rel}","templated":true}]}}