{"id":25241,"date":"2024-11-29T18:24:32","date_gmt":"2024-11-29T18:24:32","guid":{"rendered":"https:\/\/moirai.si\/?post_type=product&#038;p=25241"},"modified":"2025-11-19T09:24:15","modified_gmt":"2025-11-19T09:24:15","slug":"versy-kamena-strela-12","status":"publish","type":"product","link":"https:\/\/moirai.si\/de\/izdelek\/versy-kamena-strela-12\/","title":{"rendered":"Versy Bergkristall"},"content":{"rendered":"<p>Einzigartiger Anh\u00e4nger aus der Versy-Kollektion von Stone Lightning an einem schwarzen Lederband mit verstellbarer L\u00e4nge (Knoten nach oben oder unten ziehen). Die Kette ist unisex und f\u00fcr Kinder und Erwachsene geeignet. <\/p>\n<p>MATERIAL: Stone Lightning, schwarzes Leder<br \/>\nL\u00c4NGE: flexibel (38-77 cm)<br \/>\nTE\u017dA: 17,1 g<br \/>\nGr\u00f6\u00dfe des Steins: 2,1\u00d72,5 cm<br \/>\nSTEINST\u00c4RKE: 1,5 cm <\/p>","protected":false},"excerpt":{"rendered":"<p>Unikaten obesek kolekcije Versy iz Kamene Strele na \u010drnem usnjenem traku s prilagodljivo dol\u017eino (poteg vozla gor oz. dol). Ogrlica je unisex in je primerna za otroke in odrasle. MATERIAL: Kamena Strela, \u010drno usnje DOL\u017dINA: prilagodljiva (38-77 cm) TE\u017dA: 17,1 g VELIKOST KAMNA: 2,1&#215;2,5 cm DEBELINA KAMNA: 1,5 cm<\/p>","protected":false},"featured_media":25242,"template":"","meta":[],"product_brand":[],"product_cat":[68,92,309],"product_tag":[648,203],"class_list":{"0":"post-25241","1":"product","2":"type-product","3":"status-publish","4":"has-post-thumbnail","6":"product_cat-kamena-strela","7":"product_cat-obeski-in-usnje","8":"product_cat-versy","9":"product_tag-crno-usnje","10":"product_tag-kamena-strela","12":"first","13":"instock","14":"shipping-taxable","15":"purchasable","16":"product-type-simple"},"_links":{"self":[{"href":"https:\/\/moirai.si\/de\/wp-json\/wp\/v2\/product\/25241","targetHints":{"allow":["GET"]}}],"collection":[{"href":"https:\/\/moirai.si\/de\/wp-json\/wp\/v2\/product"}],"about":[{"href":"https:\/\/moirai.si\/de\/wp-json\/wp\/v2\/types\/product"}],"wp:featuredmedia":[{"embeddable":true,"href":"https:\/\/moirai.si\/de\/wp-json\/wp\/v2\/media\/25242"}],"wp:attachment":[{"href":"https:\/\/moirai.si\/de\/wp-json\/wp\/v2\/media?parent=25241"}],"wp:term":[{"taxonomy":"product_brand","embeddable":true,"href":"https:\/\/moirai.si\/de\/wp-json\/wp\/v2\/product_brand?post=25241"},{"taxonomy":"product_cat","embeddable":true,"href":"https:\/\/moirai.si\/de\/wp-json\/wp\/v2\/product_cat?post=25241"},{"taxonomy":"product_tag","embeddable":true,"href":"https:\/\/moirai.si\/de\/wp-json\/wp\/v2\/product_tag?post=25241"}],"curies":[{"name":"wp","href":"https:\/\/api.w.org\/{rel}","templated":true}]}}