{"id":25267,"date":"2024-11-29T20:54:50","date_gmt":"2024-11-29T20:54:50","guid":{"rendered":"https:\/\/moirai.si\/?post_type=product&#038;p=25267"},"modified":"2025-09-25T10:46:58","modified_gmt":"2025-09-25T10:46:58","slug":"versy-karneol","status":"publish","type":"product","link":"https:\/\/moirai.si\/de\/izdelek\/versy-karneol\/","title":{"rendered":"Versy Karneol"},"content":{"rendered":"<p>Einzigartiger Anh\u00e4nger aus der Versy-Kollektion in Karneol an einem schwarzen Lederband mit verstellbarer L\u00e4nge (den Knoten nach oben oder unten ziehen). Die Kette ist unisex und f\u00fcr Kinder und Erwachsene geeignet.<\/p>\n<p>MATERIAL: Karneol, schwarzes Leder<br \/>\nL\u00c4NGE: flexibel (38-77 cm)<br \/>\nGEWICHT: 8,6 g<br \/>\nGr\u00f6\u00dfe des Steins: 1,5\u00d72,7 cm<br \/>\nSTEINST\u00c4RKE: 0,5 cm<\/p>","protected":false},"excerpt":{"rendered":"<p>Unikaten obesek kolekcije Versy iz Karneola na \u010drnem usnjenem traku s prilagodljivo dol\u017eino (poteg vozla gor oz. dol). Ogrlica je unisex in je primerna za otroke in odrasle. MATERIAL: Karneol, \u010drno usnje DOL\u017dINA: prilagodljiva (38-77 cm) TE\u017dA: 8,6 g VELIKOST KAMNA: 1,5&#215;2,7 cm DEBELINA KAMNA: 0,5 cm<\/p>","protected":false},"featured_media":25268,"template":"","meta":[],"product_brand":[],"product_cat":[48,92,309],"product_tag":[648,198],"class_list":{"0":"post-25267","1":"product","2":"type-product","3":"status-publish","4":"has-post-thumbnail","6":"product_cat-karneol","7":"product_cat-obeski-in-usnje","8":"product_cat-versy","9":"product_tag-crno-usnje","10":"product_tag-karneol","12":"first","13":"instock","14":"shipping-taxable","15":"purchasable","16":"product-type-simple"},"_links":{"self":[{"href":"https:\/\/moirai.si\/de\/wp-json\/wp\/v2\/product\/25267","targetHints":{"allow":["GET"]}}],"collection":[{"href":"https:\/\/moirai.si\/de\/wp-json\/wp\/v2\/product"}],"about":[{"href":"https:\/\/moirai.si\/de\/wp-json\/wp\/v2\/types\/product"}],"wp:featuredmedia":[{"embeddable":true,"href":"https:\/\/moirai.si\/de\/wp-json\/wp\/v2\/media\/25268"}],"wp:attachment":[{"href":"https:\/\/moirai.si\/de\/wp-json\/wp\/v2\/media?parent=25267"}],"wp:term":[{"taxonomy":"product_brand","embeddable":true,"href":"https:\/\/moirai.si\/de\/wp-json\/wp\/v2\/product_brand?post=25267"},{"taxonomy":"product_cat","embeddable":true,"href":"https:\/\/moirai.si\/de\/wp-json\/wp\/v2\/product_cat?post=25267"},{"taxonomy":"product_tag","embeddable":true,"href":"https:\/\/moirai.si\/de\/wp-json\/wp\/v2\/product_tag?post=25267"}],"curies":[{"name":"wp","href":"https:\/\/api.w.org\/{rel}","templated":true}]}}