{"id":25275,"date":"2024-11-29T21:17:34","date_gmt":"2024-11-29T21:17:34","guid":{"rendered":"https:\/\/moirai.si\/?post_type=product&#038;p=25275"},"modified":"2024-11-29T21:17:35","modified_gmt":"2024-11-29T21:17:35","slug":"versy-rodokrozit-3","status":"publish","type":"product","link":"https:\/\/moirai.si\/de\/izdelek\/versy-rodokrozit-3\/","title":{"rendered":"Versy Rhodochrosit"},"content":{"rendered":"<p>Unikaten obesek kolekcije Versy iz Rodokrozita na \u010drnem usnjenem traku s prilagodljivo dol\u017eino (poteg vozla gor oz. dol). Ogrlica je unisex in je primerna za otroke in odrasle.<\/p>\n<p>MATERIAL: Rodokrozit, \u010drno usnje<br \/>\nL\u00c4NGE: flexibel (38-77 cm)<br \/>\nGEWICHT: 16,4 g<br \/>\nVELIKOST KAMNA: 2,8&#215;2,8 cm<br \/>\nSTEINST\u00c4RKE: 0,5 cm<\/p>","protected":false},"excerpt":{"rendered":"<p>Unikaten obesek kolekcije Versy iz Rodokrozita na \u010drnem usnjenem traku s prilagodljivo dol\u017eino (poteg vozla gor oz. dol). Ogrlica je unisex in je primerna za otroke in odrasle. MATERIAL: Rodokrozit, \u010drno usnje DOL\u017dINA: prilagodljiva (38-77 cm) TE\u017dA: 16,4 g VELIKOST KAMNA: 2,8&#215;2,8 cm DEBELINA KAMNA: 0,5 cm<\/p>","protected":false},"featured_media":25276,"template":"","meta":[],"product_brand":[],"product_cat":[92,71,309],"product_tag":[648,397],"class_list":{"0":"post-25275","1":"product","2":"type-product","3":"status-publish","4":"has-post-thumbnail","6":"product_cat-obeski-in-usnje","7":"product_cat-rodokrozit","8":"product_cat-versy","9":"product_tag-crno-usnje","10":"product_tag-rodokrozit","12":"first","13":"instock","14":"shipping-taxable","15":"purchasable","16":"product-type-simple"},"_links":{"self":[{"href":"https:\/\/moirai.si\/de\/wp-json\/wp\/v2\/product\/25275","targetHints":{"allow":["GET"]}}],"collection":[{"href":"https:\/\/moirai.si\/de\/wp-json\/wp\/v2\/product"}],"about":[{"href":"https:\/\/moirai.si\/de\/wp-json\/wp\/v2\/types\/product"}],"wp:featuredmedia":[{"embeddable":true,"href":"https:\/\/moirai.si\/de\/wp-json\/wp\/v2\/media\/25276"}],"wp:attachment":[{"href":"https:\/\/moirai.si\/de\/wp-json\/wp\/v2\/media?parent=25275"}],"wp:term":[{"taxonomy":"product_brand","embeddable":true,"href":"https:\/\/moirai.si\/de\/wp-json\/wp\/v2\/product_brand?post=25275"},{"taxonomy":"product_cat","embeddable":true,"href":"https:\/\/moirai.si\/de\/wp-json\/wp\/v2\/product_cat?post=25275"},{"taxonomy":"product_tag","embeddable":true,"href":"https:\/\/moirai.si\/de\/wp-json\/wp\/v2\/product_tag?post=25275"}],"curies":[{"name":"wp","href":"https:\/\/api.w.org\/{rel}","templated":true}]}}