{"id":25330,"date":"2024-11-30T18:48:32","date_gmt":"2024-11-30T18:48:32","guid":{"rendered":"https:\/\/moirai.si\/?post_type=product&#038;p=25330"},"modified":"2024-11-30T18:48:32","modified_gmt":"2024-11-30T18:48:32","slug":"versy-rozevec-3","status":"publish","type":"product","link":"https:\/\/moirai.si\/de\/izdelek\/versy-rozevec-3\/","title":{"rendered":"Versy Rosenquarz"},"content":{"rendered":"<p>Unikaten obesek kolekcije Versy iz Ro\u017eevca na \u010drnem usnjenem traku s prilagodljivo dol\u017eino (poteg vozla gor oz. dol). Ogrlica je unisex in je primerna za otroke in odrasle.<\/p>\n<p>MATERIAL: Ro\u017eevec, \u010drno usnje<br \/>\nL\u00c4NGE: flexibel (38-77 cm)<br \/>\nTE\u017dA: 9,7 g<br \/>\nGr\u00f6\u00dfe des Steins: 1,8\u00d72,2 cm<br \/>\nSTEINDICKE: 0,7 cm<\/p>","protected":false},"excerpt":{"rendered":"<p>Unikaten obesek kolekcije Versy iz Ro\u017eevca na \u010drnem usnjenem traku s prilagodljivo dol\u017eino (poteg vozla gor oz. dol). Ogrlica je unisex in je primerna za otroke in odrasle. MATERIAL: Ro\u017eevec, \u010drno usnje DOL\u017dINA: prilagodljiva (38-77 cm) TE\u017dA: 9,7 g VELIKOST KAMNA: 1,8&#215;2,2 cm DEBELINA KAMNA: 0,7 cm<\/p>","protected":false},"featured_media":25331,"template":"","meta":[],"product_brand":[],"product_cat":[92,69,309],"product_tag":[648,225],"class_list":{"0":"post-25330","1":"product","2":"type-product","3":"status-publish","4":"has-post-thumbnail","6":"product_cat-obeski-in-usnje","7":"product_cat-rozevec","8":"product_cat-versy","9":"product_tag-crno-usnje","10":"product_tag-rozevec","12":"first","13":"instock","14":"shipping-taxable","15":"purchasable","16":"product-type-simple"},"_links":{"self":[{"href":"https:\/\/moirai.si\/de\/wp-json\/wp\/v2\/product\/25330","targetHints":{"allow":["GET"]}}],"collection":[{"href":"https:\/\/moirai.si\/de\/wp-json\/wp\/v2\/product"}],"about":[{"href":"https:\/\/moirai.si\/de\/wp-json\/wp\/v2\/types\/product"}],"wp:featuredmedia":[{"embeddable":true,"href":"https:\/\/moirai.si\/de\/wp-json\/wp\/v2\/media\/25331"}],"wp:attachment":[{"href":"https:\/\/moirai.si\/de\/wp-json\/wp\/v2\/media?parent=25330"}],"wp:term":[{"taxonomy":"product_brand","embeddable":true,"href":"https:\/\/moirai.si\/de\/wp-json\/wp\/v2\/product_brand?post=25330"},{"taxonomy":"product_cat","embeddable":true,"href":"https:\/\/moirai.si\/de\/wp-json\/wp\/v2\/product_cat?post=25330"},{"taxonomy":"product_tag","embeddable":true,"href":"https:\/\/moirai.si\/de\/wp-json\/wp\/v2\/product_tag?post=25330"}],"curies":[{"name":"wp","href":"https:\/\/api.w.org\/{rel}","templated":true}]}}