{"id":25356,"date":"2024-12-03T12:20:26","date_gmt":"2024-12-03T12:20:26","guid":{"rendered":"https:\/\/moirai.si\/?post_type=product&#038;p=25356"},"modified":"2025-12-22T12:14:20","modified_gmt":"2025-12-22T12:14:20","slug":"argo-tourmalin-quarz","status":"publish","type":"product","link":"https:\/\/moirai.si\/de\/izdelek\/argo-turmalin-kvarc\/","title":{"rendered":"Argo Turmalin Quarz"},"content":{"rendered":"<p>Elegantes Armband aus der Argo-Kollektion, hergestellt aus Turmalinquarz und rhodiniert mit 925er Silberelementen. Das Armband ist auf einem weichen, aber starken Stahldraht aufgezogen. <\/p>\n<p>MATERIAL: Turmalinquarz, schwarzer Turmalin, rhodiniertes 925er Silber<br \/>\nL\u00c4NGE: einstellbar 18-20,5 cm<br \/>\nGEWICHT: 20,9 g<br \/>\nSteingr\u00f6\u00dfe: 6-12 mm<br \/>\nSchlie\u00dfe: 9 mm<\/p>","protected":false},"excerpt":{"rendered":"<p>Elegantna zapestnica kolekcije Argo, ki je narejena iz Turmalin Kvarca ter rodiniranimi srebrnimi 925 elementi. Zapestnica je nizana na mehko, vendar mo\u010dno jekleno \u017eico. MATERIAL: Turmalin Kvarc, \u010drni Turmalin, rodinirano Srebro 925 DOL\u017dINA: prilagodljiva 18-20,5 cm TE\u017dA: 20,9 g VELIKOST KAMNOV: 6-12 mm ZAPONKA: 9 mm<\/p>","protected":false},"featured_media":25357,"template":"","meta":[],"product_brand":[],"product_cat":[191,820,68,848,821,822,823,1137,85],"product_tag":[766,637,1015],"class_list":{"0":"post-25356","1":"product","2":"type-product","3":"status-publish","4":"has-post-thumbnail","6":"product_cat-argo","7":"product_cat-do-18cm","8":"product_cat-kamena-strela","9":"product_cat-kvarc","10":"product_cat-od-18-do-19cm","11":"product_cat-od-19-do-20cm","12":"product_cat-od-20cm","13":"product_cat-ogled-vseh-zapestnice-2","14":"product_cat-turmalin","15":"product_tag-crni-turmalin","16":"product_tag-rodinirano-srebro-925","17":"product_tag-turmalin-kvarc","19":"first","20":"instock","21":"shipping-taxable","22":"purchasable","23":"product-type-simple"},"_links":{"self":[{"href":"https:\/\/moirai.si\/de\/wp-json\/wp\/v2\/product\/25356","targetHints":{"allow":["GET"]}}],"collection":[{"href":"https:\/\/moirai.si\/de\/wp-json\/wp\/v2\/product"}],"about":[{"href":"https:\/\/moirai.si\/de\/wp-json\/wp\/v2\/types\/product"}],"wp:featuredmedia":[{"embeddable":true,"href":"https:\/\/moirai.si\/de\/wp-json\/wp\/v2\/media\/25357"}],"wp:attachment":[{"href":"https:\/\/moirai.si\/de\/wp-json\/wp\/v2\/media?parent=25356"}],"wp:term":[{"taxonomy":"product_brand","embeddable":true,"href":"https:\/\/moirai.si\/de\/wp-json\/wp\/v2\/product_brand?post=25356"},{"taxonomy":"product_cat","embeddable":true,"href":"https:\/\/moirai.si\/de\/wp-json\/wp\/v2\/product_cat?post=25356"},{"taxonomy":"product_tag","embeddable":true,"href":"https:\/\/moirai.si\/de\/wp-json\/wp\/v2\/product_tag?post=25356"}],"curies":[{"name":"wp","href":"https:\/\/api.w.org\/{rel}","templated":true}]}}