{"id":25367,"date":"2024-12-07T13:25:35","date_gmt":"2024-12-07T13:25:35","guid":{"rendered":"https:\/\/moirai.si\/?post_type=product&#038;p=25367"},"modified":"2025-01-06T17:10:02","modified_gmt":"2025-01-06T17:10:02","slug":"obesek-rodokrozit-6","status":"publish","type":"product","link":"https:\/\/moirai.si\/de\/izdelek\/obesek-rodokrozit-6\/","title":{"rendered":"Rhodochrosit-Anh\u00e4nger"},"content":{"rendered":"<p>\u010cudovit obesek Rodokrozita in srebra 925. Veri\u017eica ni vklju\u010dena v ceno. Novo veri\u017eico si lahko izberete tukaj: <a href=\"https:\/\/moirai.si\/de\/produktkategorie-2\/anhanger-und-ketten\/ketten-und-schnure\/\" target=\"_blank\" rel=\"noopener noreferrer\">Ketten<\/a><\/p>\n<p>MATERIAL: Rhodochrosit, Sterling Silber 925<br \/>\nGEWICHT: 5,8 g<br \/>\nVELIKOST KAMNA: 1,2-2,8cm<br \/>\nSTEINST\u00c4RKE: 0,3 cm<br \/>\nDOL\u017dINA OBESKA: 4,3cm<\/p>","protected":false},"excerpt":{"rendered":"<p>\u010cudovit obesek Rodokrozita in srebra 925. Veri\u017eica ni vklju\u010dena v ceno. Novo veri\u017eico si lahko izberete tukaj: Veri\u017eice MATERIAL: Rodokrozit, Srebro 925 TE\u017dA: 5,8 g VELIKOST KAMNA: 1,2-2,8cm DEBELINA KAMNA: 0,3 cm DOL\u017dINA OBESKA: 4,3cm<\/p>","protected":false},"featured_media":25368,"template":"","meta":[],"product_brand":[],"product_cat":[910,71],"product_tag":[397,371],"class_list":{"0":"post-25367","1":"product","2":"type-product","3":"status-publish","4":"has-post-thumbnail","6":"product_cat-obeski-in-srebro","7":"product_cat-rodokrozit","8":"product_tag-rodokrozit","9":"product_tag-srebro-925","11":"first","12":"instock","13":"shipping-taxable","14":"purchasable","15":"product-type-simple"},"_links":{"self":[{"href":"https:\/\/moirai.si\/de\/wp-json\/wp\/v2\/product\/25367","targetHints":{"allow":["GET"]}}],"collection":[{"href":"https:\/\/moirai.si\/de\/wp-json\/wp\/v2\/product"}],"about":[{"href":"https:\/\/moirai.si\/de\/wp-json\/wp\/v2\/types\/product"}],"wp:featuredmedia":[{"embeddable":true,"href":"https:\/\/moirai.si\/de\/wp-json\/wp\/v2\/media\/25368"}],"wp:attachment":[{"href":"https:\/\/moirai.si\/de\/wp-json\/wp\/v2\/media?parent=25367"}],"wp:term":[{"taxonomy":"product_brand","embeddable":true,"href":"https:\/\/moirai.si\/de\/wp-json\/wp\/v2\/product_brand?post=25367"},{"taxonomy":"product_cat","embeddable":true,"href":"https:\/\/moirai.si\/de\/wp-json\/wp\/v2\/product_cat?post=25367"},{"taxonomy":"product_tag","embeddable":true,"href":"https:\/\/moirai.si\/de\/wp-json\/wp\/v2\/product_tag?post=25367"}],"curies":[{"name":"wp","href":"https:\/\/api.w.org\/{rel}","templated":true}]}}