{"id":25385,"date":"2024-12-07T14:53:14","date_gmt":"2024-12-07T14:53:14","guid":{"rendered":"https:\/\/moirai.si\/?post_type=product&#038;p=25385"},"modified":"2025-09-25T10:46:55","modified_gmt":"2025-09-25T10:46:55","slug":"obesek-karneol-3","status":"publish","type":"product","link":"https:\/\/moirai.si\/de\/izdelek\/obesek-karneol-3\/","title":{"rendered":"Karneol-Anh\u00e4nger"},"content":{"rendered":"<p>Sch\u00f6ner Anh\u00e4nger aus Karneol und 925er Sterlingsilber, Kette nicht inbegriffen. Sie k\u00f6nnen eine neue Halskette hier w\u00e4hlen: <a href=\"https:\/\/moirai.si\/de\/produktkategorie-2\/anhanger-und-ketten\/ketten-und-schnure\/\" target=\"_blank\" rel=\"noopener noreferrer\">Ketten<\/a><\/p>\n<p>MATERIAL: Karneol, Sterling Silber 925<br \/>\nGEWICHT: 5,9 g<br \/>\nVELIKOST KAMNA: 1,4-2,1cm<br \/>\nSTEINDICKE: 0,7 cm<br \/>\nDOL\u017dINA OBESKA: 3,4cm<\/p>","protected":false},"excerpt":{"rendered":"<p>\u010cudovit obesek Karneola in srebra 925. Veri\u017eica ni vklju\u010dena v ceno. Novo veri\u017eico si lahko izberete tukaj: Veri\u017eice MATERIAL: Karneol, Srebro 925 TE\u017dA: 5,9 g VELIKOST KAMNA: 1,4-2,1cm DEBELINA KAMNA: 0,7 cm DOL\u017dINA OBESKA: 3,4cm<\/p>","protected":false},"featured_media":25386,"template":"","meta":[],"product_brand":[],"product_cat":[48,910],"product_tag":[198,371],"class_list":{"0":"post-25385","1":"product","2":"type-product","3":"status-publish","4":"has-post-thumbnail","6":"product_cat-karneol","7":"product_cat-obeski-in-srebro","8":"product_tag-karneol","9":"product_tag-srebro-925","11":"first","12":"instock","13":"shipping-taxable","14":"purchasable","15":"product-type-simple"},"_links":{"self":[{"href":"https:\/\/moirai.si\/de\/wp-json\/wp\/v2\/product\/25385","targetHints":{"allow":["GET"]}}],"collection":[{"href":"https:\/\/moirai.si\/de\/wp-json\/wp\/v2\/product"}],"about":[{"href":"https:\/\/moirai.si\/de\/wp-json\/wp\/v2\/types\/product"}],"wp:featuredmedia":[{"embeddable":true,"href":"https:\/\/moirai.si\/de\/wp-json\/wp\/v2\/media\/25386"}],"wp:attachment":[{"href":"https:\/\/moirai.si\/de\/wp-json\/wp\/v2\/media?parent=25385"}],"wp:term":[{"taxonomy":"product_brand","embeddable":true,"href":"https:\/\/moirai.si\/de\/wp-json\/wp\/v2\/product_brand?post=25385"},{"taxonomy":"product_cat","embeddable":true,"href":"https:\/\/moirai.si\/de\/wp-json\/wp\/v2\/product_cat?post=25385"},{"taxonomy":"product_tag","embeddable":true,"href":"https:\/\/moirai.si\/de\/wp-json\/wp\/v2\/product_tag?post=25385"}],"curies":[{"name":"wp","href":"https:\/\/api.w.org\/{rel}","templated":true}]}}