{"id":25405,"date":"2024-12-07T18:02:14","date_gmt":"2024-12-07T18:02:14","guid":{"rendered":"https:\/\/moirai.si\/?post_type=product&#038;p=25405"},"modified":"2025-01-06T17:06:51","modified_gmt":"2025-01-06T17:06:51","slug":"steinblitz-anhanger-2","status":"publish","type":"product","link":"https:\/\/moirai.si\/de\/izdelek\/obesek-kamena-strela-2\/","title":{"rendered":"Bergkristall-Anh\u00e4nger"},"content":{"rendered":"<p>Sch\u00f6ner Anh\u00e4nger aus Stone Lightning und 925er Sterlingsilber, Kette nicht im Preis enthalten. Sie k\u00f6nnen eine neue Halskette hier w\u00e4hlen: <a href=\"https:\/\/moirai.si\/de\/produktkategorie-2\/anhanger-und-ketten\/ketten-und-schnure\/\" target=\"_blank\" rel=\"noopener noreferrer\">Ketten<\/a><\/p>\n<p>MATERIAL: Blitzstein, 925 Silber<br \/>\nGEWICHT: 10,2g<br \/>\nSTEINGR\u00d6SSE: 1,8-2,4cm<br \/>\nSTEINDICKE: 1,2cm<br \/>\nL\u00c4NGE DES BILDES: 3,3cm<\/p>","protected":false},"excerpt":{"rendered":"<p>\u010cudovit obesek Kamene Strele in srebra 925. Veri\u017eica ni vklju\u010dena v ceno. Novo veri\u017eico si lahko izberete tukaj: Veri\u017eice MATERIAL: Kamena Strela, Srebro 925 TE\u017dA: 10,2g VELIKOST KAMNA: 1,8-2,4cm DEBELINA KAMNA: 1,2cm DOL\u017dINA OBESKA: 3,3cm<\/p>","protected":false},"featured_media":25406,"template":"","meta":[],"product_brand":[],"product_cat":[687,688,68,910],"product_tag":[203,371],"class_list":{"0":"post-25405","1":"product","2":"type-product","3":"status-publish","4":"has-post-thumbnail","6":"product_cat-biser","7":"product_cat-biserovina","8":"product_cat-kamena-strela","9":"product_cat-obeski-in-srebro","10":"product_tag-kamena-strela","11":"product_tag-srebro-925","13":"first","14":"instock","15":"shipping-taxable","16":"purchasable","17":"product-type-simple"},"_links":{"self":[{"href":"https:\/\/moirai.si\/de\/wp-json\/wp\/v2\/product\/25405","targetHints":{"allow":["GET"]}}],"collection":[{"href":"https:\/\/moirai.si\/de\/wp-json\/wp\/v2\/product"}],"about":[{"href":"https:\/\/moirai.si\/de\/wp-json\/wp\/v2\/types\/product"}],"wp:featuredmedia":[{"embeddable":true,"href":"https:\/\/moirai.si\/de\/wp-json\/wp\/v2\/media\/25406"}],"wp:attachment":[{"href":"https:\/\/moirai.si\/de\/wp-json\/wp\/v2\/media?parent=25405"}],"wp:term":[{"taxonomy":"product_brand","embeddable":true,"href":"https:\/\/moirai.si\/de\/wp-json\/wp\/v2\/product_brand?post=25405"},{"taxonomy":"product_cat","embeddable":true,"href":"https:\/\/moirai.si\/de\/wp-json\/wp\/v2\/product_cat?post=25405"},{"taxonomy":"product_tag","embeddable":true,"href":"https:\/\/moirai.si\/de\/wp-json\/wp\/v2\/product_tag?post=25405"}],"curies":[{"name":"wp","href":"https:\/\/api.w.org\/{rel}","templated":true}]}}