{"id":25434,"date":"2024-12-08T12:24:47","date_gmt":"2024-12-08T12:24:47","guid":{"rendered":"https:\/\/moirai.si\/?post_type=product&#038;p=25434"},"modified":"2025-01-06T17:04:55","modified_gmt":"2025-01-06T17:04:55","slug":"obesek-jaspis-rdeci-2","status":"publish","type":"product","link":"https:\/\/moirai.si\/de\/izdelek\/obesek-jaspis-rdeci-2\/","title":{"rendered":"Jaspis-Anh\u00e4nger Rot"},"content":{"rendered":"<p>\u010cudovit obesek rde\u010dega Jaspisa in srebra 925. Veri\u017eica ni vklju\u010dena v ceno. Novo veri\u017eico si lahko izberete tukaj: <a href=\"https:\/\/moirai.si\/de\/produktkategorie-2\/anhanger-und-ketten\/ketten-und-schnure\/\" target=\"_blank\" rel=\"noopener noreferrer\">Ketten<\/a><\/p>\n<p>MATERIAL: roter Jaspis, Silber 925<br \/>\nTE\u017dA: 3,9g<br \/>\nVELIKOST KAMNA: 1,1&#215;2,3 cm<br \/>\nSTEINDICKE: 0,6 cm<br \/>\nL\u00c4NGE DES BILDES: 3,4 cm<\/p>","protected":false},"excerpt":{"rendered":"<p>\u010cudovit obesek rde\u010dega Jaspisa in srebra 925. Veri\u017eica ni vklju\u010dena v ceno. Novo veri\u017eico si lahko izberete tukaj: Veri\u017eice MATERIAL: rde\u010di Jaspis, Srebro 925 TE\u017dA: 3,9g VELIKOST KAMNA: 1,1&#215;2,3 cm DEBELINA KAMNA: 0,6 cm DOL\u017dINA OBESKA: 3,4 cm<\/p>","protected":false},"featured_media":25435,"template":"","meta":[],"product_brand":[],"product_cat":[47,910],"product_tag":[779,371],"class_list":{"0":"post-25434","1":"product","2":"type-product","3":"status-publish","4":"has-post-thumbnail","6":"product_cat-jaspis","7":"product_cat-obeski-in-srebro","8":"product_tag-rdeci-jaspis","9":"product_tag-srebro-925","11":"first","12":"instock","13":"shipping-taxable","14":"purchasable","15":"product-type-simple"},"_links":{"self":[{"href":"https:\/\/moirai.si\/de\/wp-json\/wp\/v2\/product\/25434","targetHints":{"allow":["GET"]}}],"collection":[{"href":"https:\/\/moirai.si\/de\/wp-json\/wp\/v2\/product"}],"about":[{"href":"https:\/\/moirai.si\/de\/wp-json\/wp\/v2\/types\/product"}],"wp:featuredmedia":[{"embeddable":true,"href":"https:\/\/moirai.si\/de\/wp-json\/wp\/v2\/media\/25435"}],"wp:attachment":[{"href":"https:\/\/moirai.si\/de\/wp-json\/wp\/v2\/media?parent=25434"}],"wp:term":[{"taxonomy":"product_brand","embeddable":true,"href":"https:\/\/moirai.si\/de\/wp-json\/wp\/v2\/product_brand?post=25434"},{"taxonomy":"product_cat","embeddable":true,"href":"https:\/\/moirai.si\/de\/wp-json\/wp\/v2\/product_cat?post=25434"},{"taxonomy":"product_tag","embeddable":true,"href":"https:\/\/moirai.si\/de\/wp-json\/wp\/v2\/product_tag?post=25434"}],"curies":[{"name":"wp","href":"https:\/\/api.w.org\/{rel}","templated":true}]}}