{"id":25445,"date":"2024-12-08T12:50:48","date_gmt":"2024-12-08T12:50:48","guid":{"rendered":"https:\/\/moirai.si\/?post_type=product&#038;p=25445"},"modified":"2025-01-06T17:04:03","modified_gmt":"2025-01-06T17:04:03","slug":"tigerauge-anhanger","status":"publish","type":"product","link":"https:\/\/moirai.si\/de\/izdelek\/obesek-tigrovo-oko\/","title":{"rendered":"Tigerauge-Anh\u00e4nger"},"content":{"rendered":"<p>Sch\u00f6ner Tigerauge-Anh\u00e4nger aus 925er Sterlingsilber, Kette nicht inbegriffen. Sie k\u00f6nnen eine neue Halskette hier w\u00e4hlen: <a href=\"https:\/\/moirai.si\/de\/produktkategorie-2\/anhanger-und-ketten\/ketten-und-schnure\/\" target=\"_blank\" rel=\"noopener noreferrer\">Ketten<\/a><\/p>\n<p>MATERIAL: Tigerauge, 925 Silber<br \/>\nGEWICHT: 11g<br \/>\nGr\u00f6\u00dfe des Steins: 1,6\u00d73,5 cm<br \/>\nSTEINDICKE: 0,7 cm<br \/>\nL\u00c4NGE DES BILDES: 4,4 cm<\/p>","protected":false},"excerpt":{"rendered":"<p>\u010cudovit obesek Tigrovega o\u010desa in srebra 925. Veri\u017eica ni vklju\u010dena v ceno. Novo veri\u017eico si lahko izberete tukaj: Veri\u017eice MATERIAL: Tigrovo oko, Srebro 925 TE\u017dA: 11g VELIKOST KAMNA: 1,6&#215;3,5 cm DEBELINA KAMNA: 0,7 cm DOL\u017dINA OBESKA: 4,4 cm<\/p>","protected":false},"featured_media":25446,"template":"","meta":[],"product_brand":[],"product_cat":[910,81],"product_tag":[371,199],"class_list":{"0":"post-25445","1":"product","2":"type-product","3":"status-publish","4":"has-post-thumbnail","6":"product_cat-obeski-in-srebro","7":"product_cat-tigrovo-oko","8":"product_tag-srebro-925","9":"product_tag-tigrovo-oko","11":"first","12":"instock","13":"shipping-taxable","14":"purchasable","15":"product-type-simple"},"_links":{"self":[{"href":"https:\/\/moirai.si\/de\/wp-json\/wp\/v2\/product\/25445","targetHints":{"allow":["GET"]}}],"collection":[{"href":"https:\/\/moirai.si\/de\/wp-json\/wp\/v2\/product"}],"about":[{"href":"https:\/\/moirai.si\/de\/wp-json\/wp\/v2\/types\/product"}],"wp:featuredmedia":[{"embeddable":true,"href":"https:\/\/moirai.si\/de\/wp-json\/wp\/v2\/media\/25446"}],"wp:attachment":[{"href":"https:\/\/moirai.si\/de\/wp-json\/wp\/v2\/media?parent=25445"}],"wp:term":[{"taxonomy":"product_brand","embeddable":true,"href":"https:\/\/moirai.si\/de\/wp-json\/wp\/v2\/product_brand?post=25445"},{"taxonomy":"product_cat","embeddable":true,"href":"https:\/\/moirai.si\/de\/wp-json\/wp\/v2\/product_cat?post=25445"},{"taxonomy":"product_tag","embeddable":true,"href":"https:\/\/moirai.si\/de\/wp-json\/wp\/v2\/product_tag?post=25445"}],"curies":[{"name":"wp","href":"https:\/\/api.w.org\/{rel}","templated":true}]}}