{"id":25447,"date":"2024-12-08T12:54:16","date_gmt":"2024-12-08T12:54:16","guid":{"rendered":"https:\/\/moirai.si\/?post_type=product&#038;p=25447"},"modified":"2025-01-06T17:03:59","modified_gmt":"2025-01-06T17:03:59","slug":"obesek-tigrovo-oko-3","status":"publish","type":"product","link":"https:\/\/moirai.si\/de\/izdelek\/obesek-tigrovo-oko-3\/","title":{"rendered":"Tigerauge-Anh\u00e4nger"},"content":{"rendered":"<p>Sch\u00f6ner Tigerauge-Anh\u00e4nger aus 925er Sterlingsilber, Kette nicht inbegriffen. Sie k\u00f6nnen eine neue Halskette hier w\u00e4hlen: <a href=\"https:\/\/moirai.si\/de\/produktkategorie-2\/anhanger-und-ketten\/ketten-und-schnure\/\" target=\"_blank\" rel=\"noopener noreferrer\">Ketten<\/a><\/p>\n<p>MATERIAL: Tigerauge, 925 Silber<br \/>\nTE\u017dA: 9,8g<br \/>\nVELIKOST KAMNA: 1,2&#215;3,9 cm<br \/>\nSTEINDICKE: 0,8 cm<br \/>\nDOL\u017dINA OBESKA: 4,9 cm<\/p>","protected":false},"excerpt":{"rendered":"<p>\u010cudovit obesek Tigrovega o\u010desa in srebra 925. Veri\u017eica ni vklju\u010dena v ceno. Novo veri\u017eico si lahko izberete tukaj: Veri\u017eice MATERIAL: Tigrovo oko, Srebro 925 TE\u017dA: 9,8g VELIKOST KAMNA: 1,2&#215;3,9 cm DEBELINA KAMNA: 0,8 cm DOL\u017dINA OBESKA: 4,9 cm<\/p>","protected":false},"featured_media":25448,"template":"","meta":[],"product_brand":[],"product_cat":[910,81],"product_tag":[371,199],"class_list":{"0":"post-25447","1":"product","2":"type-product","3":"status-publish","4":"has-post-thumbnail","6":"product_cat-obeski-in-srebro","7":"product_cat-tigrovo-oko","8":"product_tag-srebro-925","9":"product_tag-tigrovo-oko","11":"first","12":"instock","13":"shipping-taxable","14":"purchasable","15":"product-type-simple"},"_links":{"self":[{"href":"https:\/\/moirai.si\/de\/wp-json\/wp\/v2\/product\/25447","targetHints":{"allow":["GET"]}}],"collection":[{"href":"https:\/\/moirai.si\/de\/wp-json\/wp\/v2\/product"}],"about":[{"href":"https:\/\/moirai.si\/de\/wp-json\/wp\/v2\/types\/product"}],"wp:featuredmedia":[{"embeddable":true,"href":"https:\/\/moirai.si\/de\/wp-json\/wp\/v2\/media\/25448"}],"wp:attachment":[{"href":"https:\/\/moirai.si\/de\/wp-json\/wp\/v2\/media?parent=25447"}],"wp:term":[{"taxonomy":"product_brand","embeddable":true,"href":"https:\/\/moirai.si\/de\/wp-json\/wp\/v2\/product_brand?post=25447"},{"taxonomy":"product_cat","embeddable":true,"href":"https:\/\/moirai.si\/de\/wp-json\/wp\/v2\/product_cat?post=25447"},{"taxonomy":"product_tag","embeddable":true,"href":"https:\/\/moirai.si\/de\/wp-json\/wp\/v2\/product_tag?post=25447"}],"curies":[{"name":"wp","href":"https:\/\/api.w.org\/{rel}","templated":true}]}}