{"id":25463,"date":"2024-12-08T19:18:26","date_gmt":"2024-12-08T19:18:26","guid":{"rendered":"https:\/\/moirai.si\/?post_type=product&#038;p=25463"},"modified":"2025-01-06T17:02:58","modified_gmt":"2025-01-06T17:02:58","slug":"heliotrop-anhanger-2","status":"publish","type":"product","link":"https:\/\/moirai.si\/de\/izdelek\/obesek-heliotrop-2\/","title":{"rendered":"Heliotrop-Anh\u00e4nger"},"content":{"rendered":"<p>Sch\u00f6ner Anh\u00e4nger aus Heliotrop und 925er Sterlingsilber, Kette nicht inbegriffen. Sie k\u00f6nnen eine neue Halskette hier w\u00e4hlen: <a href=\"https:\/\/moirai.si\/de\/produktkategorie-2\/anhanger-und-ketten\/ketten-und-schnure\/\" target=\"_blank\" rel=\"noopener noreferrer\">Ketten<\/a><\/p>\n<p>MATERIAL: Heliotrop, Sterling Silber 925<br \/>\nGEWICHT: 4,1g<br \/>\nGr\u00f6\u00dfe des Steins: 1,3\u00d72,1 cm<br \/>\nSTEINST\u00c4RKE: 0,5 cm<br \/>\nL\u00c4NGE DES ANH\u00c4NGERS: 3 cm<\/p>","protected":false},"excerpt":{"rendered":"<p>\u010cudovit obesek Heliotropa in srebra 925. Veri\u017eica ni vklju\u010dena v ceno. Novo veri\u017eico si lahko izberete tukaj: Veri\u017eice MATERIAL: Heliotrop, Srebro 925 TE\u017dA: 4,1g VELIKOST KAMNA: 1,3&#215;2,1 cm DEBELINA KAMNA: 0,5 cm DOL\u017dINA OBESKA: 3 cm<\/p>","protected":false},"featured_media":25464,"template":"","meta":[],"product_brand":[],"product_cat":[518,910],"product_tag":[486,371],"class_list":{"0":"post-25463","1":"product","2":"type-product","3":"status-publish","4":"has-post-thumbnail","6":"product_cat-heliotrop","7":"product_cat-obeski-in-srebro","8":"product_tag-heliotrop","9":"product_tag-srebro-925","11":"first","12":"instock","13":"shipping-taxable","14":"purchasable","15":"product-type-simple"},"_links":{"self":[{"href":"https:\/\/moirai.si\/de\/wp-json\/wp\/v2\/product\/25463","targetHints":{"allow":["GET"]}}],"collection":[{"href":"https:\/\/moirai.si\/de\/wp-json\/wp\/v2\/product"}],"about":[{"href":"https:\/\/moirai.si\/de\/wp-json\/wp\/v2\/types\/product"}],"wp:featuredmedia":[{"embeddable":true,"href":"https:\/\/moirai.si\/de\/wp-json\/wp\/v2\/media\/25464"}],"wp:attachment":[{"href":"https:\/\/moirai.si\/de\/wp-json\/wp\/v2\/media?parent=25463"}],"wp:term":[{"taxonomy":"product_brand","embeddable":true,"href":"https:\/\/moirai.si\/de\/wp-json\/wp\/v2\/product_brand?post=25463"},{"taxonomy":"product_cat","embeddable":true,"href":"https:\/\/moirai.si\/de\/wp-json\/wp\/v2\/product_cat?post=25463"},{"taxonomy":"product_tag","embeddable":true,"href":"https:\/\/moirai.si\/de\/wp-json\/wp\/v2\/product_tag?post=25463"}],"curies":[{"name":"wp","href":"https:\/\/api.w.org\/{rel}","templated":true}]}}