{"id":25469,"date":"2024-12-08T19:54:20","date_gmt":"2024-12-08T19:54:20","guid":{"rendered":"https:\/\/moirai.si\/?post_type=product&#038;p=25469"},"modified":"2025-01-06T17:02:18","modified_gmt":"2025-01-06T17:02:18","slug":"labradorit-anhanger-6","status":"publish","type":"product","link":"https:\/\/moirai.si\/de\/izdelek\/obesek-labradorit-6\/","title":{"rendered":"Labradorit-Anh\u00e4nger"},"content":{"rendered":"<p>Sch\u00f6ner Anh\u00e4nger aus Labradorit und 925er Sterlingsilber, Kette nicht inbegriffen. Sie k\u00f6nnen eine neue Halskette hier w\u00e4hlen: <a href=\"https:\/\/moirai.si\/de\/produktkategorie-2\/anhanger-und-ketten\/ketten-und-schnure\/\" target=\"_blank\" rel=\"noopener noreferrer\">Ketten<\/a><\/p>\n<p>MATERIAL: Labradorit, Sterling Silber 925<br \/>\nGEWICHT: 11,6g<br \/>\nGR\u00d6SSE DES STEINS: 2,3\u00d78,8 cm<br \/>\nSTEINDICKE: 0,8 cm<br \/>\nL\u00c4NGE DES BILDES: 3,6cm<\/p>","protected":false},"excerpt":{"rendered":"<p>\u010cudovit obesek Labradorita in srebra 925. Veri\u017eica ni vklju\u010dena v ceno. Novo veri\u017eico si lahko izberete tukaj: Veri\u017eice MATERIAL: Labradorit, Srebro 925 TE\u017dA: 11,6g VELIKOST KAMNA: 2,3&#215;8,8 cm DEBELINA KAMNA: 0,8 cm DOL\u017dINA OBESKA: 3,7 cm<\/p>","protected":false},"featured_media":25470,"template":"","meta":[],"product_brand":[],"product_cat":[54,910],"product_tag":[294,371],"class_list":{"0":"post-25469","1":"product","2":"type-product","3":"status-publish","4":"has-post-thumbnail","6":"product_cat-labradorit","7":"product_cat-obeski-in-srebro","8":"product_tag-labradorit","9":"product_tag-srebro-925","11":"first","12":"instock","13":"shipping-taxable","14":"purchasable","15":"product-type-simple"},"_links":{"self":[{"href":"https:\/\/moirai.si\/de\/wp-json\/wp\/v2\/product\/25469","targetHints":{"allow":["GET"]}}],"collection":[{"href":"https:\/\/moirai.si\/de\/wp-json\/wp\/v2\/product"}],"about":[{"href":"https:\/\/moirai.si\/de\/wp-json\/wp\/v2\/types\/product"}],"wp:featuredmedia":[{"embeddable":true,"href":"https:\/\/moirai.si\/de\/wp-json\/wp\/v2\/media\/25470"}],"wp:attachment":[{"href":"https:\/\/moirai.si\/de\/wp-json\/wp\/v2\/media?parent=25469"}],"wp:term":[{"taxonomy":"product_brand","embeddable":true,"href":"https:\/\/moirai.si\/de\/wp-json\/wp\/v2\/product_brand?post=25469"},{"taxonomy":"product_cat","embeddable":true,"href":"https:\/\/moirai.si\/de\/wp-json\/wp\/v2\/product_cat?post=25469"},{"taxonomy":"product_tag","embeddable":true,"href":"https:\/\/moirai.si\/de\/wp-json\/wp\/v2\/product_tag?post=25469"}],"curies":[{"name":"wp","href":"https:\/\/api.w.org\/{rel}","templated":true}]}}