{"id":25485,"date":"2024-12-08T20:37:24","date_gmt":"2024-12-08T20:37:24","guid":{"rendered":"https:\/\/moirai.si\/?post_type=product&#038;p=25485"},"modified":"2025-01-06T16:21:01","modified_gmt":"2025-01-06T16:21:01","slug":"obesek-kunzit","status":"publish","type":"product","link":"https:\/\/moirai.si\/de\/izdelek\/obesek-kunzit\/","title":{"rendered":"Kunzit-Anh\u00e4nger"},"content":{"rendered":"<p>\u010cudovit obesek Kunzita in srebra 925. Veri\u017eica ni vklju\u010dena v ceno. Novo veri\u017eico si lahko izberete tukaj: <a href=\"https:\/\/moirai.si\/de\/produktkategorie-2\/anhanger-und-ketten\/ketten-und-schnure\/\" target=\"_blank\" rel=\"noopener noreferrer\">Ketten<\/a><\/p>\n<p>MATERIAL: Kunzit, Silber 925<br \/>\nGEWICHT: 2,3g<br \/>\nGr\u00f6\u00dfe des Steins: 0,9\u00d71,6 cm<br \/>\nSTEINST\u00c4RKE: 0,3 cm<br \/>\nL\u00c4NGE DES BILDES: 2,6 cm<\/p>","protected":false},"excerpt":{"rendered":"<p>\u010cudovit obesek Kunzita in srebra 925. Veri\u017eica ni vklju\u010dena v ceno. Novo veri\u017eico si lahko izberete tukaj: Veri\u017eice MATERIAL: Kunzit, Srebro 925 TE\u017dA: 2,3g VELIKOST KAMNA: 0,9&#215;1,6 cm DEBELINA KAMNA: 0,3 cm DOL\u017dINA OBESKA: 2,6 cm<\/p>","protected":false},"featured_media":25486,"template":"","meta":[],"product_brand":[],"product_cat":[873,910],"product_tag":[875,371],"class_list":{"0":"post-25485","1":"product","2":"type-product","3":"status-publish","4":"has-post-thumbnail","6":"product_cat-kunzit","7":"product_cat-obeski-in-srebro","8":"product_tag-kunzit","9":"product_tag-srebro-925","11":"first","12":"instock","13":"shipping-taxable","14":"purchasable","15":"product-type-simple"},"_links":{"self":[{"href":"https:\/\/moirai.si\/de\/wp-json\/wp\/v2\/product\/25485","targetHints":{"allow":["GET"]}}],"collection":[{"href":"https:\/\/moirai.si\/de\/wp-json\/wp\/v2\/product"}],"about":[{"href":"https:\/\/moirai.si\/de\/wp-json\/wp\/v2\/types\/product"}],"wp:featuredmedia":[{"embeddable":true,"href":"https:\/\/moirai.si\/de\/wp-json\/wp\/v2\/media\/25486"}],"wp:attachment":[{"href":"https:\/\/moirai.si\/de\/wp-json\/wp\/v2\/media?parent=25485"}],"wp:term":[{"taxonomy":"product_brand","embeddable":true,"href":"https:\/\/moirai.si\/de\/wp-json\/wp\/v2\/product_brand?post=25485"},{"taxonomy":"product_cat","embeddable":true,"href":"https:\/\/moirai.si\/de\/wp-json\/wp\/v2\/product_cat?post=25485"},{"taxonomy":"product_tag","embeddable":true,"href":"https:\/\/moirai.si\/de\/wp-json\/wp\/v2\/product_tag?post=25485"}],"curies":[{"name":"wp","href":"https:\/\/api.w.org\/{rel}","templated":true}]}}