{"id":25495,"date":"2024-12-08T21:37:58","date_gmt":"2024-12-08T21:37:58","guid":{"rendered":"https:\/\/moirai.si\/?post_type=product&#038;p=25495"},"modified":"2025-11-24T11:37:06","modified_gmt":"2025-11-24T11:37:06","slug":"obesek-turmalin-watermelon-2","status":"publish","type":"product","link":"https:\/\/moirai.si\/de\/izdelek\/obesek-turmalin-watermelon-2\/","title":{"rendered":"Obesek Turmalin Watermelon"},"content":{"rendered":"<p>Sch\u00f6ner Anh\u00e4nger aus Turmalin (Wassermelone\/Watermelon) und 925er Sterlingsilber. Kette nicht inbegriffen. Sie k\u00f6nnen eine neue Halskette hier w\u00e4hlen: <a href=\"https:\/\/moirai.si\/de\/produktkategorie-2\/anhanger-und-ketten\/ketten-und-schnure\/\" target=\"_blank\" rel=\"noopener noreferrer\">Ketten<\/a><\/p>\n<p>MATERIAL: Wassermelonen-Turmalin, Sterling Silber 925<br \/>\nGEWICHT: 2,9g<br \/>\nGr\u00f6\u00dfe des Steins: 0,7\u00d71,7 cm<br \/>\nSTEINDICKE: 0,7 cm<br \/>\nL\u00c4NGE DES ANH\u00c4NGERS: 2,5 cm<\/p>","protected":false},"excerpt":{"rendered":"<p>\u010cudovit obesek Turmalina (lubenica\/watermelon) in srebra 925. Veri\u017eica ni vklju\u010dena v ceno. Novo veri\u017eico si lahko izberete tukaj: Veri\u017eice MATERIAL: lubenica Turmalin (watermelon), Srebro 925 TE\u017dA: 2,9g VELIKOST KAMNA: 0,7&#215;1,7 cm DEBELINA KAMNA: 0,7 cm DOL\u017dINA OBESKA: 2,5 cm<\/p>","protected":false},"featured_media":25496,"template":"","meta":[],"product_brand":[],"product_cat":[910,85],"product_tag":[1112,371],"class_list":{"0":"post-25495","1":"product","2":"type-product","3":"status-publish","4":"has-post-thumbnail","6":"product_cat-obeski-in-srebro","7":"product_cat-turmalin","8":"product_tag-lubenica-turmalin-watermelon","9":"product_tag-srebro-925","11":"first","12":"instock","13":"shipping-taxable","14":"purchasable","15":"product-type-simple"},"_links":{"self":[{"href":"https:\/\/moirai.si\/de\/wp-json\/wp\/v2\/product\/25495","targetHints":{"allow":["GET"]}}],"collection":[{"href":"https:\/\/moirai.si\/de\/wp-json\/wp\/v2\/product"}],"about":[{"href":"https:\/\/moirai.si\/de\/wp-json\/wp\/v2\/types\/product"}],"wp:featuredmedia":[{"embeddable":true,"href":"https:\/\/moirai.si\/de\/wp-json\/wp\/v2\/media\/25496"}],"wp:attachment":[{"href":"https:\/\/moirai.si\/de\/wp-json\/wp\/v2\/media?parent=25495"}],"wp:term":[{"taxonomy":"product_brand","embeddable":true,"href":"https:\/\/moirai.si\/de\/wp-json\/wp\/v2\/product_brand?post=25495"},{"taxonomy":"product_cat","embeddable":true,"href":"https:\/\/moirai.si\/de\/wp-json\/wp\/v2\/product_cat?post=25495"},{"taxonomy":"product_tag","embeddable":true,"href":"https:\/\/moirai.si\/de\/wp-json\/wp\/v2\/product_tag?post=25495"}],"curies":[{"name":"wp","href":"https:\/\/api.w.org\/{rel}","templated":true}]}}