{"id":25510,"date":"2024-12-08T23:33:09","date_gmt":"2024-12-08T23:33:09","guid":{"rendered":"https:\/\/moirai.si\/?post_type=product&#038;p=25510"},"modified":"2026-02-01T21:30:54","modified_gmt":"2026-02-01T21:30:54","slug":"925-sterling-silber-kette-42cm-2","status":"publish","type":"product","link":"https:\/\/moirai.si\/de\/izdelek\/rodinirana-srebrna-925-verizica-42cm-2\/","title":{"rendered":"Rhodinierte 925 Silber Kette 42cm"},"content":{"rendered":"<p>Rhodinierte Kette aus 925er Silber (42 cm).<\/p>\n<p>MATERIAL: 925 rhodiniertes Silber<br \/>\nBREITE: 1,6 mm<br \/>\nGEWICHT: 2,3 g<br \/>\nL\u00c4NGE: 42 cm<br \/>\n\u00d6se zum Schlie\u00dfen des Verschlusses: 3mm<br \/>\nSchlie\u00dfe: 4mm<\/p>","protected":false},"excerpt":{"rendered":"<p>Rodinirana srebrna 925 veri\u017eica (42cm). MATERIAL: Rodinirano srebro 925 \u0160IRINA: 1.6 mm TE\u017dA: 2.3 g DOL\u017dINA: 42 cm ZANKA ZA ZAPIRANJE ZAPONKE: 3mm ZAPONKA: 4mm<\/p>","protected":false},"featured_media":25511,"template":"","meta":[],"product_brand":[],"product_cat":[814,815,1136,911],"product_tag":[637],"class_list":{"0":"post-25510","1":"product","2":"type-product","3":"status-publish","4":"has-post-thumbnail","6":"product_cat-do-42cm","7":"product_cat-od-42-do-45cm","8":"product_cat-ogled-vseh","9":"product_cat-verizice-in-vrvice","10":"product_tag-rodinirano-srebro-925","12":"first","13":"instock","14":"shipping-taxable","15":"purchasable","16":"product-type-simple"},"_links":{"self":[{"href":"https:\/\/moirai.si\/de\/wp-json\/wp\/v2\/product\/25510","targetHints":{"allow":["GET"]}}],"collection":[{"href":"https:\/\/moirai.si\/de\/wp-json\/wp\/v2\/product"}],"about":[{"href":"https:\/\/moirai.si\/de\/wp-json\/wp\/v2\/types\/product"}],"wp:featuredmedia":[{"embeddable":true,"href":"https:\/\/moirai.si\/de\/wp-json\/wp\/v2\/media\/25511"}],"wp:attachment":[{"href":"https:\/\/moirai.si\/de\/wp-json\/wp\/v2\/media?parent=25510"}],"wp:term":[{"taxonomy":"product_brand","embeddable":true,"href":"https:\/\/moirai.si\/de\/wp-json\/wp\/v2\/product_brand?post=25510"},{"taxonomy":"product_cat","embeddable":true,"href":"https:\/\/moirai.si\/de\/wp-json\/wp\/v2\/product_cat?post=25510"},{"taxonomy":"product_tag","embeddable":true,"href":"https:\/\/moirai.si\/de\/wp-json\/wp\/v2\/product_tag?post=25510"}],"curies":[{"name":"wp","href":"https:\/\/api.w.org\/{rel}","templated":true}]}}