{"id":26093,"date":"2025-07-07T12:08:59","date_gmt":"2025-07-07T12:08:59","guid":{"rendered":"https:\/\/moirai.si\/?post_type=product&#038;p=26093"},"modified":"2025-07-07T12:10:41","modified_gmt":"2025-07-07T12:10:41","slug":"macrame-zad","status":"publish","type":"product","link":"https:\/\/moirai.si\/de\/izdelek\/macrame-zad\/","title":{"rendered":"Makramee Jade"},"content":{"rendered":"<p>Unisex-Armband aus der Macrame-Kollektion, hergestellt aus Jade. Das Armband ist flexibel und leicht zu tragen. <\/p>\n<p>MATERIAL: \u017dad (Afrika)<br \/>\nL\u00c4NGE: einstellbar von 16-25cm<br \/>\nGEWICHT: 5,8 g<br \/>\nSTEINGR\u00d6SSE: 6 mm<\/p>","protected":false},"excerpt":{"rendered":"<p>Unisex zapestnica kolekcije Macrame, ki je narejena iz \u017dada. Zapestnica je prilagodljiva in enostavna za no\u0161enje. MATERIAL: \u017dad (Afrika) DOL\u017dINA: prilagodljiva od 16-25cm TE\u017dA: 5,8 g VELIKOST KAMNOV: 6 mm<\/p>","protected":false},"featured_media":26094,"template":"","meta":[],"product_brand":[],"product_cat":[820,212,821,822,823,1137,89],"product_tag":[236],"class_list":{"0":"post-26093","1":"product","2":"type-product","3":"status-publish","4":"has-post-thumbnail","6":"product_cat-do-18cm","7":"product_cat-macrame-2","8":"product_cat-od-18-do-19cm","9":"product_cat-od-19-do-20cm","10":"product_cat-od-20cm","11":"product_cat-ogled-vseh-zapestnice-2","12":"product_cat-zad","13":"product_tag-zad","15":"first","16":"instock","17":"shipping-taxable","18":"purchasable","19":"product-type-simple"},"_links":{"self":[{"href":"https:\/\/moirai.si\/de\/wp-json\/wp\/v2\/product\/26093","targetHints":{"allow":["GET"]}}],"collection":[{"href":"https:\/\/moirai.si\/de\/wp-json\/wp\/v2\/product"}],"about":[{"href":"https:\/\/moirai.si\/de\/wp-json\/wp\/v2\/types\/product"}],"wp:featuredmedia":[{"embeddable":true,"href":"https:\/\/moirai.si\/de\/wp-json\/wp\/v2\/media\/26094"}],"wp:attachment":[{"href":"https:\/\/moirai.si\/de\/wp-json\/wp\/v2\/media?parent=26093"}],"wp:term":[{"taxonomy":"product_brand","embeddable":true,"href":"https:\/\/moirai.si\/de\/wp-json\/wp\/v2\/product_brand?post=26093"},{"taxonomy":"product_cat","embeddable":true,"href":"https:\/\/moirai.si\/de\/wp-json\/wp\/v2\/product_cat?post=26093"},{"taxonomy":"product_tag","embeddable":true,"href":"https:\/\/moirai.si\/de\/wp-json\/wp\/v2\/product_tag?post=26093"}],"curies":[{"name":"wp","href":"https:\/\/api.w.org\/{rel}","templated":true}]}}