{"id":26097,"date":"2025-07-07T12:20:15","date_gmt":"2025-07-07T12:20:15","guid":{"rendered":"https:\/\/moirai.si\/?post_type=product&#038;p=26097"},"modified":"2025-07-07T12:20:16","modified_gmt":"2025-07-07T12:20:16","slug":"macrame-oniks-4","status":"publish","type":"product","link":"https:\/\/moirai.si\/de\/izdelek\/macrame-oniks-4\/","title":{"rendered":"Makramee Onyx"},"content":{"rendered":"<p>Unisex-Armband aus der Macrame-Kollektion, hergestellt aus Onyx. Das Armband ist flexibel und leicht zu tragen. <\/p>\n<p>MATERIAL: fasetiran Oniks<br \/>\nL\u00c4NGE: einstellbar von 16-25cm<br \/>\nTE\u017dA: 14,3 g<br \/>\nSteingr\u00f6\u00dfe: 6-8 mm<\/p>","protected":false},"excerpt":{"rendered":"<p>Unisex zapestnica kolekcije Macrame, ki je narejena iz Oniksa. Zapestnica je prilagodljiva in enostavna za no\u0161enje. MATERIAL: fasetiran Oniks DOL\u017dINA: prilagodljiva od 16-25cm TE\u017dA: 14,3 g VELIKOST KAMNOV: 6-8 mm<\/p>","protected":false},"featured_media":26098,"template":"","meta":[],"product_brand":[],"product_cat":[820,212,821,822,823,1137,62],"product_tag":[293],"class_list":{"0":"post-26097","1":"product","2":"type-product","3":"status-publish","4":"has-post-thumbnail","6":"product_cat-do-18cm","7":"product_cat-macrame-2","8":"product_cat-od-18-do-19cm","9":"product_cat-od-19-do-20cm","10":"product_cat-od-20cm","11":"product_cat-ogled-vseh-zapestnice-2","12":"product_cat-oniks","13":"product_tag-fasetiran-oniks","15":"first","16":"instock","17":"shipping-taxable","18":"purchasable","19":"product-type-simple"},"_links":{"self":[{"href":"https:\/\/moirai.si\/de\/wp-json\/wp\/v2\/product\/26097","targetHints":{"allow":["GET"]}}],"collection":[{"href":"https:\/\/moirai.si\/de\/wp-json\/wp\/v2\/product"}],"about":[{"href":"https:\/\/moirai.si\/de\/wp-json\/wp\/v2\/types\/product"}],"wp:featuredmedia":[{"embeddable":true,"href":"https:\/\/moirai.si\/de\/wp-json\/wp\/v2\/media\/26098"}],"wp:attachment":[{"href":"https:\/\/moirai.si\/de\/wp-json\/wp\/v2\/media?parent=26097"}],"wp:term":[{"taxonomy":"product_brand","embeddable":true,"href":"https:\/\/moirai.si\/de\/wp-json\/wp\/v2\/product_brand?post=26097"},{"taxonomy":"product_cat","embeddable":true,"href":"https:\/\/moirai.si\/de\/wp-json\/wp\/v2\/product_cat?post=26097"},{"taxonomy":"product_tag","embeddable":true,"href":"https:\/\/moirai.si\/de\/wp-json\/wp\/v2\/product_tag?post=26097"}],"curies":[{"name":"wp","href":"https:\/\/api.w.org\/{rel}","templated":true}]}}