{"id":26103,"date":"2025-07-07T12:41:20","date_gmt":"2025-07-07T12:41:20","guid":{"rendered":"https:\/\/moirai.si\/?post_type=product&#038;p=26103"},"modified":"2025-07-07T12:41:21","modified_gmt":"2025-07-07T12:41:21","slug":"macrame-obsidijan-crni-3","status":"publish","type":"product","link":"https:\/\/moirai.si\/de\/izdelek\/macrame-obsidijan-crni-3\/","title":{"rendered":"Makramee Obsidian Schwarz"},"content":{"rendered":"<p>Unisex-Armband aus der Macrame-Kollektion, hergestellt aus schwarzem Obsidian. Das Armband ist flexibel und leicht zu tragen. <\/p>\n<p>MATERIAL:  \u010crni Obsidijan<br \/>\nL\u00c4NGE: einstellbar von 16-25cm<br \/>\nGEWICHT: 20 g<br \/>\nSteingr\u00f6\u00dfe: 6-10 mm<\/p>","protected":false},"excerpt":{"rendered":"<p>Unisex zapestnica kolekcije Macrame, ki je narejena iz \u010drnega Obsidijana. Zapestnica je prilagodljiva in enostavna za no\u0161enje. MATERIAL: \u010crni Obsidijan DOL\u017dINA: prilagodljiva od 16-25cm TE\u017dA: 20 g VELIKOST KAMNOV: 6-10 mm<\/p>","protected":false},"featured_media":26104,"template":"","meta":[],"product_brand":[],"product_cat":[820,212,63,821,822,823,1137],"product_tag":[868],"class_list":{"0":"post-26103","1":"product","2":"type-product","3":"status-publish","4":"has-post-thumbnail","6":"product_cat-do-18cm","7":"product_cat-macrame-2","8":"product_cat-obsidijan","9":"product_cat-od-18-do-19cm","10":"product_cat-od-19-do-20cm","11":"product_cat-od-20cm","12":"product_cat-ogled-vseh-zapestnice-2","13":"product_tag-crni-obsidijan","15":"first","16":"instock","17":"shipping-taxable","18":"purchasable","19":"product-type-simple"},"_links":{"self":[{"href":"https:\/\/moirai.si\/de\/wp-json\/wp\/v2\/product\/26103","targetHints":{"allow":["GET"]}}],"collection":[{"href":"https:\/\/moirai.si\/de\/wp-json\/wp\/v2\/product"}],"about":[{"href":"https:\/\/moirai.si\/de\/wp-json\/wp\/v2\/types\/product"}],"wp:featuredmedia":[{"embeddable":true,"href":"https:\/\/moirai.si\/de\/wp-json\/wp\/v2\/media\/26104"}],"wp:attachment":[{"href":"https:\/\/moirai.si\/de\/wp-json\/wp\/v2\/media?parent=26103"}],"wp:term":[{"taxonomy":"product_brand","embeddable":true,"href":"https:\/\/moirai.si\/de\/wp-json\/wp\/v2\/product_brand?post=26103"},{"taxonomy":"product_cat","embeddable":true,"href":"https:\/\/moirai.si\/de\/wp-json\/wp\/v2\/product_cat?post=26103"},{"taxonomy":"product_tag","embeddable":true,"href":"https:\/\/moirai.si\/de\/wp-json\/wp\/v2\/product_tag?post=26103"}],"curies":[{"name":"wp","href":"https:\/\/api.w.org\/{rel}","templated":true}]}}