{"id":26109,"date":"2025-07-07T12:49:37","date_gmt":"2025-07-07T12:49:37","guid":{"rendered":"https:\/\/moirai.si\/?post_type=product&#038;p=26109"},"modified":"2025-11-06T12:45:26","modified_gmt":"2025-11-06T12:45:26","slug":"macrame-karneol-2","status":"publish","type":"product","link":"https:\/\/moirai.si\/de\/izdelek\/macrame-karneol-2\/","title":{"rendered":"Makramee Karneol"},"content":{"rendered":"<p>Unisex zapestnica kolekcije Macrame, ki je narejena iz Karneola. Zapestnica je prilagodljiva in enostavna za no\u0161enje. Slika je simboli\u010dna. Mo\u017ena so manj\u0161a odstopanja v barvi.<\/p>\n<p>MATERIAL:  Karneol<br \/>\nL\u00c4NGE: einstellbar von 16-25cm<br \/>\nTE\u017dA: 14,7 g<br \/>\nSteingr\u00f6\u00dfe: 6-8 mm<\/p>","protected":false},"excerpt":{"rendered":"<p>Unisex zapestnica kolekcije Macrame, ki je narejena iz Karneola. Zapestnica je prilagodljiva in enostavna za no\u0161enje. Slika je simboli\u010dna. Mo\u017ena so manj\u0161a odstopanja v barvi. MATERIAL: Karneol DOL\u017dINA: prilagodljiva od 16-25cm TE\u017dA: 14,7 g VELIKOST KAMNOV: 6-8 mm<\/p>","protected":false},"featured_media":26110,"template":"","meta":[],"product_brand":[],"product_cat":[820,48,212,821,822,823,1137],"product_tag":[198],"class_list":{"0":"post-26109","1":"product","2":"type-product","3":"status-publish","4":"has-post-thumbnail","6":"product_cat-do-18cm","7":"product_cat-karneol","8":"product_cat-macrame-2","9":"product_cat-od-18-do-19cm","10":"product_cat-od-19-do-20cm","11":"product_cat-od-20cm","12":"product_cat-ogled-vseh-zapestnice-2","13":"product_tag-karneol","15":"first","16":"instock","17":"shipping-taxable","18":"purchasable","19":"product-type-simple"},"_links":{"self":[{"href":"https:\/\/moirai.si\/de\/wp-json\/wp\/v2\/product\/26109","targetHints":{"allow":["GET"]}}],"collection":[{"href":"https:\/\/moirai.si\/de\/wp-json\/wp\/v2\/product"}],"about":[{"href":"https:\/\/moirai.si\/de\/wp-json\/wp\/v2\/types\/product"}],"wp:featuredmedia":[{"embeddable":true,"href":"https:\/\/moirai.si\/de\/wp-json\/wp\/v2\/media\/26110"}],"wp:attachment":[{"href":"https:\/\/moirai.si\/de\/wp-json\/wp\/v2\/media?parent=26109"}],"wp:term":[{"taxonomy":"product_brand","embeddable":true,"href":"https:\/\/moirai.si\/de\/wp-json\/wp\/v2\/product_brand?post=26109"},{"taxonomy":"product_cat","embeddable":true,"href":"https:\/\/moirai.si\/de\/wp-json\/wp\/v2\/product_cat?post=26109"},{"taxonomy":"product_tag","embeddable":true,"href":"https:\/\/moirai.si\/de\/wp-json\/wp\/v2\/product_tag?post=26109"}],"curies":[{"name":"wp","href":"https:\/\/api.w.org\/{rel}","templated":true}]}}