{"id":26111,"date":"2025-07-07T12:52:44","date_gmt":"2025-07-07T12:52:44","guid":{"rendered":"https:\/\/moirai.si\/?post_type=product&#038;p=26111"},"modified":"2025-07-07T12:52:45","modified_gmt":"2025-07-07T12:52:45","slug":"macrame-hematit-3","status":"publish","type":"product","link":"https:\/\/moirai.si\/de\/izdelek\/macrame-hematit-3\/","title":{"rendered":"Makramee H\u00e4matit"},"content":{"rendered":"<p>Unisex-Armband aus der Macrame-Kollektion, hergestellt aus H\u00e4matit. Das Armband ist flexibel und leicht zu tragen. <\/p>\n<p>MATERIAL:  Hematit<br \/>\nL\u00c4NGE: einstellbar von 16-25cm<br \/>\nTE\u017dA: 30 g<br \/>\nSteingr\u00f6\u00dfe: 6-8 mm<\/p>","protected":false},"excerpt":{"rendered":"<p>Unisex zapestnica kolekcije Macrame, ki je narejena iz Hematita. Zapestnica je prilagodljiva in enostavna za no\u0161enje. MATERIAL: Hematit DOL\u017dINA: prilagodljiva od 16-25cm TE\u017dA: 30 g VELIKOST KAMNOV: 6-8 mm<\/p>","protected":false},"featured_media":26112,"template":"","meta":[],"product_brand":[],"product_cat":[820,42,212,821,822,823,1137],"product_tag":[202],"class_list":{"0":"post-26111","1":"product","2":"type-product","3":"status-publish","4":"has-post-thumbnail","6":"product_cat-do-18cm","7":"product_cat-hematit","8":"product_cat-macrame-2","9":"product_cat-od-18-do-19cm","10":"product_cat-od-19-do-20cm","11":"product_cat-od-20cm","12":"product_cat-ogled-vseh-zapestnice-2","13":"product_tag-hematit","15":"first","16":"instock","17":"shipping-taxable","18":"purchasable","19":"product-type-simple"},"_links":{"self":[{"href":"https:\/\/moirai.si\/de\/wp-json\/wp\/v2\/product\/26111","targetHints":{"allow":["GET"]}}],"collection":[{"href":"https:\/\/moirai.si\/de\/wp-json\/wp\/v2\/product"}],"about":[{"href":"https:\/\/moirai.si\/de\/wp-json\/wp\/v2\/types\/product"}],"wp:featuredmedia":[{"embeddable":true,"href":"https:\/\/moirai.si\/de\/wp-json\/wp\/v2\/media\/26112"}],"wp:attachment":[{"href":"https:\/\/moirai.si\/de\/wp-json\/wp\/v2\/media?parent=26111"}],"wp:term":[{"taxonomy":"product_brand","embeddable":true,"href":"https:\/\/moirai.si\/de\/wp-json\/wp\/v2\/product_brand?post=26111"},{"taxonomy":"product_cat","embeddable":true,"href":"https:\/\/moirai.si\/de\/wp-json\/wp\/v2\/product_cat?post=26111"},{"taxonomy":"product_tag","embeddable":true,"href":"https:\/\/moirai.si\/de\/wp-json\/wp\/v2\/product_tag?post=26111"}],"curies":[{"name":"wp","href":"https:\/\/api.w.org\/{rel}","templated":true}]}}