{"id":26138,"date":"2025-07-23T11:17:08","date_gmt":"2025-07-23T11:17:08","guid":{"rendered":"https:\/\/moirai.si\/?post_type=product&#038;p=26138"},"modified":"2025-07-23T11:17:08","modified_gmt":"2025-07-23T11:17:08","slug":"versy-soncev-kamen-2","status":"publish","type":"product","link":"https:\/\/moirai.si\/de\/izdelek\/versy-soncev-kamen-2\/","title":{"rendered":"Verse Sonnenstein"},"content":{"rendered":"<p>Einzigartiger Anh\u00e4nger aus der Versy-Kollektion in Sonnenstein an einem schwarzen Lederband mit verstellbarer L\u00e4nge (den Knoten nach oben oder unten ziehen). Die Halskette ist unisex und f\u00fcr Kinder und Erwachsene geeignet.<\/p>\n<p>MATERIAL: Sonnenstein, schwarzes Leder<br \/>\nL\u00c4NGE: flexibel (38-77 cm)<br \/>\nTE\u017dA: 16,7 g<br \/>\nVELIKOST KAMNA:1,8&#215;3 cm<br \/>\nSTEINST\u00c4RKE: 1,3 cm<\/p>","protected":false},"excerpt":{"rendered":"<p>Unikaten obesek kolekcije Versy iz Son\u010devega kamna na \u010drnem usnjenem traku s prilagodljivo dol\u017eino (poteg vozla gor oz. dol). Ogrlica je unisex in je primerna za otroke in odrasle. MATERIAL: Son\u010dev Kamen, \u010drno usnje DOL\u017dINA: prilagodljiva (38-77 cm) TE\u017dA: 16,7 g VELIKOST KAMNA:1,8&#215;3 cm DEBELINA KAMNA: 1,3 cm<\/p>","protected":false},"featured_media":26139,"template":"","meta":[],"product_brand":[],"product_cat":[92,744,309],"product_tag":[648,765],"class_list":{"0":"post-26138","1":"product","2":"type-product","3":"status-publish","4":"has-post-thumbnail","6":"product_cat-obeski-in-usnje","7":"product_cat-soncev-kamen","8":"product_cat-versy","9":"product_tag-crno-usnje","10":"product_tag-soncev-kamen","12":"first","13":"instock","14":"shipping-taxable","15":"purchasable","16":"product-type-simple"},"_links":{"self":[{"href":"https:\/\/moirai.si\/de\/wp-json\/wp\/v2\/product\/26138","targetHints":{"allow":["GET"]}}],"collection":[{"href":"https:\/\/moirai.si\/de\/wp-json\/wp\/v2\/product"}],"about":[{"href":"https:\/\/moirai.si\/de\/wp-json\/wp\/v2\/types\/product"}],"wp:featuredmedia":[{"embeddable":true,"href":"https:\/\/moirai.si\/de\/wp-json\/wp\/v2\/media\/26139"}],"wp:attachment":[{"href":"https:\/\/moirai.si\/de\/wp-json\/wp\/v2\/media?parent=26138"}],"wp:term":[{"taxonomy":"product_brand","embeddable":true,"href":"https:\/\/moirai.si\/de\/wp-json\/wp\/v2\/product_brand?post=26138"},{"taxonomy":"product_cat","embeddable":true,"href":"https:\/\/moirai.si\/de\/wp-json\/wp\/v2\/product_cat?post=26138"},{"taxonomy":"product_tag","embeddable":true,"href":"https:\/\/moirai.si\/de\/wp-json\/wp\/v2\/product_tag?post=26138"}],"curies":[{"name":"wp","href":"https:\/\/api.w.org\/{rel}","templated":true}]}}