{"id":26154,"date":"2025-07-23T11:46:24","date_gmt":"2025-07-23T11:46:24","guid":{"rendered":"https:\/\/moirai.si\/?post_type=product&#038;p=26154"},"modified":"2025-07-23T11:46:25","modified_gmt":"2025-07-23T11:46:25","slug":"versy-mesecev-kamen-8","status":"publish","type":"product","link":"https:\/\/moirai.si\/de\/izdelek\/versy-mesecev-kamen-8\/","title":{"rendered":"Versy Mondstein"},"content":{"rendered":"<p>Unikaten obesek kolekcije Versy iz Mese\u010devega kamna na \u010drnem usnjenem traku s prilagodljivo dol\u017eino (poteg vozla gor oz. dol). Ogrlica je unisex in je primerna za otroke in odrasle.<\/p>\n<p>MATERIAL: Mese\u010dev Kamen, \u010drno usnje<br \/>\nL\u00c4NGE: flexibel (38-77 cm)<br \/>\nTE\u017dA: 12,6g<br \/>\nVELIKOST KAMNA: 1,8&#215;2,9 cm<br \/>\nSTEINSTICKE: 0,9 cm<\/p>","protected":false},"excerpt":{"rendered":"<p>Unikaten obesek kolekcije Versy iz Mese\u010devega kamna na \u010drnem usnjenem traku s prilagodljivo dol\u017eino (poteg vozla gor oz. dol). Ogrlica je unisex in je primerna za otroke in odrasle. MATERIAL: Mese\u010dev Kamen, \u010drno usnje DOL\u017dINA: prilagodljiva (38-77 cm) TE\u017dA: 12,6g VELIKOST KAMNA: 1,8&#215;2,9 cm DEBELINA KAMNA: 0,9 cm<\/p>","protected":false},"featured_media":26155,"template":"","meta":[],"product_brand":[],"product_cat":[59,92,309],"product_tag":[648,366],"class_list":{"0":"post-26154","1":"product","2":"type-product","3":"status-publish","4":"has-post-thumbnail","6":"product_cat-mesecev-kamen","7":"product_cat-obeski-in-usnje","8":"product_cat-versy","9":"product_tag-crno-usnje","10":"product_tag-mesecev-kamen","12":"first","13":"instock","14":"shipping-taxable","15":"purchasable","16":"product-type-simple"},"_links":{"self":[{"href":"https:\/\/moirai.si\/de\/wp-json\/wp\/v2\/product\/26154","targetHints":{"allow":["GET"]}}],"collection":[{"href":"https:\/\/moirai.si\/de\/wp-json\/wp\/v2\/product"}],"about":[{"href":"https:\/\/moirai.si\/de\/wp-json\/wp\/v2\/types\/product"}],"wp:featuredmedia":[{"embeddable":true,"href":"https:\/\/moirai.si\/de\/wp-json\/wp\/v2\/media\/26155"}],"wp:attachment":[{"href":"https:\/\/moirai.si\/de\/wp-json\/wp\/v2\/media?parent=26154"}],"wp:term":[{"taxonomy":"product_brand","embeddable":true,"href":"https:\/\/moirai.si\/de\/wp-json\/wp\/v2\/product_brand?post=26154"},{"taxonomy":"product_cat","embeddable":true,"href":"https:\/\/moirai.si\/de\/wp-json\/wp\/v2\/product_cat?post=26154"},{"taxonomy":"product_tag","embeddable":true,"href":"https:\/\/moirai.si\/de\/wp-json\/wp\/v2\/product_tag?post=26154"}],"curies":[{"name":"wp","href":"https:\/\/api.w.org\/{rel}","templated":true}]}}