{"id":26281,"date":"2025-10-13T10:51:13","date_gmt":"2025-10-13T10:51:13","guid":{"rendered":"https:\/\/moirai.si\/?post_type=product&#038;p=26281"},"modified":"2026-04-19T20:24:53","modified_gmt":"2026-04-19T20:24:53","slug":"macrame-turmalin-crni","status":"publish","type":"product","link":"https:\/\/moirai.si\/de\/izdelek\/macrame-turmalin-crni\/","title":{"rendered":"Macrame Turmalin \u010drni"},"content":{"rendered":"<p>Unisex zapestnica kolekcije Macrame, ki je narejena iz \u010drnega Turmalina. Zapestnica je prilagodljiva in enostavna za no\u0161enje. <\/p>\n<p>MATERIAL: schwarzer Turmalin<br \/>\nL\u00c4NGE: einstellbar von 16-25cm<br \/>\nTE\u017dA: 18,4 g<br \/>\nSteingr\u00f6\u00dfe: 6-8 mm<\/p>","protected":false},"excerpt":{"rendered":"<p>Unisex zapestnica kolekcije Macrame, ki je narejena iz \u010drnega Turmalina. Zapestnica je prilagodljiva in enostavna za no\u0161enje. MATERIAL: \u010drni Turmalin DOL\u017dINA: prilagodljiva od 16-25cm TE\u017dA: 18,4 g VELIKOST KAMNOV: 6-8 mm<\/p>","protected":false},"featured_media":26282,"template":"","meta":[],"product_brand":[],"product_cat":[820,212,821,822,823,1137,85],"product_tag":[766],"class_list":{"0":"post-26281","1":"product","2":"type-product","3":"status-publish","4":"has-post-thumbnail","6":"product_cat-do-18cm","7":"product_cat-macrame-2","8":"product_cat-od-18-do-19cm","9":"product_cat-od-19-do-20cm","10":"product_cat-od-20cm","11":"product_cat-ogled-vseh-zapestnice-2","12":"product_cat-turmalin","13":"product_tag-crni-turmalin","15":"first","16":"instock","17":"featured","18":"shipping-taxable","19":"purchasable","20":"product-type-simple"},"_links":{"self":[{"href":"https:\/\/moirai.si\/de\/wp-json\/wp\/v2\/product\/26281","targetHints":{"allow":["GET"]}}],"collection":[{"href":"https:\/\/moirai.si\/de\/wp-json\/wp\/v2\/product"}],"about":[{"href":"https:\/\/moirai.si\/de\/wp-json\/wp\/v2\/types\/product"}],"wp:featuredmedia":[{"embeddable":true,"href":"https:\/\/moirai.si\/de\/wp-json\/wp\/v2\/media\/26282"}],"wp:attachment":[{"href":"https:\/\/moirai.si\/de\/wp-json\/wp\/v2\/media?parent=26281"}],"wp:term":[{"taxonomy":"product_brand","embeddable":true,"href":"https:\/\/moirai.si\/de\/wp-json\/wp\/v2\/product_brand?post=26281"},{"taxonomy":"product_cat","embeddable":true,"href":"https:\/\/moirai.si\/de\/wp-json\/wp\/v2\/product_cat?post=26281"},{"taxonomy":"product_tag","embeddable":true,"href":"https:\/\/moirai.si\/de\/wp-json\/wp\/v2\/product_tag?post=26281"}],"curies":[{"name":"wp","href":"https:\/\/api.w.org\/{rel}","templated":true}]}}